{"id":13,"date":"2023-11-06T19:59:22","date_gmt":"2023-11-06T19:59:22","guid":{"rendered":"https:\/\/dev.opereon.de\/?page_id=13"},"modified":"2025-03-12T10:14:09","modified_gmt":"2025-03-12T10:14:09","slug":"datenschutzerklaerung","status":"publish","type":"page","link":"https:\/\/www.opereon.de\/index.php\/datenschutzerklaerung\/","title":{"rendered":"Datenschutzerkl\u00e4rung"},"content":{"rendered":"\t\t<div data-elementor-type=\"wp-page\" data-elementor-id=\"13\" class=\"elementor elementor-13\" data-elementor-post-type=\"page\">\n\t\t\t\t<div class=\"elementor-element elementor-element-3cb6238 e-flex e-con-boxed e-con e-parent\" data-id=\"3cb6238\" data-element_type=\"container\" data-e-type=\"container\">\n\t\t\t\t\t<div class=\"e-con-inner\">\n\t\t\t\t<div class=\"elementor-element elementor-element-a3a4c07 elementor-widget elementor-widget-spacer\" data-id=\"a3a4c07\" data-element_type=\"widget\" data-e-type=\"widget\" data-widget_type=\"spacer.default\">\n\t\t\t\t<div class=\"elementor-widget-container\">\n\t\t\t\t\t\t\t<div class=\"elementor-spacer\">\n\t\t\t<div class=\"elementor-spacer-inner\"><\/div>\n\t\t<\/div>\n\t\t\t\t\t\t<\/div>\n\t\t\t\t<\/div>\n\t\t\t\t<div class=\"elementor-element elementor-element-64fb7df elementor-widget elementor-widget-heading\" data-id=\"64fb7df\" data-element_type=\"widget\" data-e-type=\"widget\" data-widget_type=\"heading.default\">\n\t\t\t\t<div class=\"elementor-widget-container\">\n\t\t\t\t\t<h1 class=\"elementor-heading-title elementor-size-default\">Datenschutzerkl\u00e4rung<\/h1>\t\t\t\t<\/div>\n\t\t\t\t<\/div>\n\t\t\t\t<div class=\"elementor-element elementor-element-b1f7123 elementor-widget elementor-widget-text-editor\" data-id=\"b1f7123\" data-element_type=\"widget\" data-e-type=\"widget\" data-widget_type=\"text-editor.default\">\n\t\t\t\t<div class=\"elementor-widget-container\">\n\t\t\t\t\t\t\t\t\t<h1><span style=\"font-size: 34px; text-align: var(--text-align);\">1. Datenschutz auf einen Blick<\/span><\/h1><h3>Allgemeine Hinweise<\/h3><p>Die folgenden Hinweise geben einen einfachen \u00dcberblick dar\u00fcber, was mit Ihren personenbezogenen Daten geschieht, wenn unsere Website\u00a0von Ihnen besucht wird. Personenbezogene Daten sind nach Art. 4 (1) DSGVO alle Daten, mit denen Sie pers\u00f6nlich identifiziert werden k\u00f6nnen. Detaillierte Informationen zum Thema Datenschutz entnehmen Sie unserer unter diesem Text aufgef\u00fchrten Datenschutzerkl\u00e4rung.<\/p><p>Die Betreiber dieser Seiten nehmen den Schutz Ihrer pers\u00f6nlichen Daten sehr ernst. Wir behandeln Ihre personenbezogenen Daten vertraulich und entsprechend der gesetzlichen Datenschutzvorschriften sowie dieser Datenschutzerkl\u00e4rung.<\/p><h3>Datenerfassung auf unserer Website<\/h3><h4>Wer ist verantwortlich f\u00fcr die Datenerfassung auf dieser Website?<\/h4><p>Die Datenverarbeitung auf dieser Website erfolgt durch den Websitebetreiber Opereon Consulting GmbH, Maximilianstr. 5, 76133 Karlsruhe. Dessen Kontaktdaten k\u00f6nnen Sie dem Impressum dieser Website oder Ziffer 2.1 dieser Datenschutzerkl\u00e4rung entnehmen.<\/p><h4>Wie erfassen wir Ihre Daten?<\/h4><p>Ihre Daten werden zum einen dadurch erhoben, dass Sie uns diese mitteilen. Hierbei kann es sich z.B. um Daten handeln, die Sie in ein Kontaktformular eingeben.<\/p><p>Andere Daten werden automatisch beim Besuch der Website durch unsere IT-Systeme erfasst. Das sind vor allem technische Daten (z.B. Internetbrowser, Betriebssystem oder Uhrzeit des Seitenaufrufs). Die Erfassung dieser Daten erfolgt automatisch, sobald Sie unsere Website betreten.<\/p><h4>Wof\u00fcr nutzen wir Ihre Daten?<\/h4><p>Ein Teil der Daten wird erhoben, um eine fehlerfreie Bereitstellung der Website zu gew\u00e4hrleisten. Andere Daten k\u00f6nnen zur Analyse Ihres Nutzerverhaltens verwendet werden.<\/p><h4>Welche Rechte haben Sie bez\u00fcglich Ihrer Daten?<\/h4><p>Sie haben gem\u00e4\u00df Kapitel III der DSGVO jederzeit das Recht unentgeltlich Auskunft \u00fcber Herkunft, Empf\u00e4nger und Zweck Ihrer gespeicherten personenbezogenen Daten zu erhalten. Sie haben au\u00dferdem ein Recht, die Berichtigung, Sperrung oder L\u00f6schung dieser Daten zu verlangen. Hierzu sowie zu weiteren Fragen zum Thema Datenschutz k\u00f6nnen Sie sich jederzeit unter der im Impressum angegebenen Adresse an uns wenden. Des Weiteren steht Ihnen ein Beschwerderecht bei der zust\u00e4ndigen Aufsichtsbeh\u00f6rde zu.<\/p><h2>2. Allgemeine Hinweise und Pflichtinformationen<\/h2><h3>2.1 Hinweis zur verantwortlichen Stelle<\/h3><p>Die verantwortliche Stelle f\u00fcr die Datenverarbeitung auf dieser Website ist:<\/p><p>Opereon Consulting GmbH<br \/>Maximilianstr. 5<br \/>76133 Karlsruhe<br \/>Vertreten durch Stefan Grabatin<\/p><p>Telefone: +49 721 35460-80<br \/>Fax: +49 721 35460-89<br \/>E-Mail:\u00a0<a href=\"mailto:info@opereon.de\">info@opereon.de<\/a><\/p><p>Verantwortliche Stelle ist die nat\u00fcrliche oder juristische Person, die allein oder gemeinsam mit anderen \u00fcber die Zwecke und Mittel der Verarbeitung von personenbezogenen Daten (z.B. Namen, E-Mail-Adressen o. \u00c4.) entscheidet.<\/p><h3>2.2 Aufruf unseres Internetauftritts<\/h3><p>Beim Aufruf unserer Internetseite werden durch den auf Ihrem Endger\u00e4t zum Einsatz kommenden sog. Browser automatisch Informationen an den Server unserer Internetseite gesendet. Es handelt sich um folgende Daten, die ohne Ihr Zutun erfasst und bis zur automatisierten L\u00f6schung gespeichert werden:<\/p><ul><li>IP-Adresse des anfragenden Rechners<\/li><li>Datum und Uhrzeit des Zugriffs<\/li><li>verwendeter Browser und ggf. das Betriebssystem Ihres Rechners sowie der Name Ihres Access-Providers<\/li><li>\u00dcbertragene Datenmenge<\/li><li>Meldung \u00fcber erfolgreichen Abruf<\/li><\/ul><p>Die Daten werden ebenfalls in den Logfiles unseres Systems gespeichert. Eine Speicherung dieser Daten zusammen mit anderen personenbezogenen Daten des Nutzers findet nicht statt.<\/p><p>Die vor\u00fcbergehende Speicherung o.g. Daten durch das System ist notwendig, um eine Auslieferung der Website an den Rechner des Nutzers zu erm\u00f6glichen als auch zur Sicherstellung der Funktionsf\u00e4higkeit und Optimierung unserer Webseite sowie zur Sicherstellung der Sicherheit der informationstechnischen Systeme.<\/p><p>Die vorgenannte Datenerhebung beruht gem\u00e4\u00df Art. 6 Abs. 1 S. 1 lit. f DSGVO auf unserem berechtigten Interesse an der sicheren Bereitstellung und Funktionsf\u00e4higkeit unserer Website.<\/p><p>Ihre personenbezogenen Daten werden gel\u00f6scht, sobald sie f\u00fcr die Erreichung des Zweckes ihrer Erhebung nicht mehr erforderlich sind. Dies ist im Falle der Speicherung der Daten in den Logfiles nach 3 Monaten der Fall.<\/p><p>Die Erfassung der Daten zur Bereitstellung der Internetseite und die Speicherung der Daten in Logfiles ist f\u00fcr den Betrieb der Internetseite zwingend erforderlich.<\/p><h3>2.3 Plugins und Tools<\/h3><h4><strong>a) CookieBot<\/strong><\/h4><p><span style=\"text-align: var(--text-align);\">Wir nutzen den Zustimmungsverwaltungsdienst Cookiebot, der Usercentrics A\/S, Havnegade 39, 1058 Kopenhagen, D\u00e4nemark (Usercentrics). Dies erm\u00f6glicht uns die Einwilligung der Websitenutzer zur Datenverarbeitung einzuholen und zu verwalten. Die Verarbeitung ist zur Erf\u00fcllung einer rechtlichen Verpflichtung erforderlich (Art. 7 Abs. 1DSGVO), der wir unterliegen (Art. 6 Abs. 1 S. 1 lit. c DSGVO).<\/span><\/p><p>Daf\u00fcr werden mit Hilfe von Cookies folgende Daten verarbeitet:<\/p><ul><li>Ihre IP-Adresse (die letzten drei Ziffern werden auf \u201a0\u2019 gesetzt)<\/li><li>Datum und Uhrzeit der Zustimmung<\/li><li>Browserinformationen<\/li><li>URL, von der die Zustimmung gesendet wurde<\/li><li>Ein anonymer, zuf\u00e4lliger Schl\u00fcssel<\/li><li>Einwilligungsstatus des Endnutzers, als Nachweis der Zustimmung<\/li><\/ul><p>Der Schl\u00fcssel und Zustimmungsstatus werden f\u00fcr 12 Monate im Browser mit Hilfe des Cookies \u201eCookieConsent\u201c gespeichert. Damit bleibt Ihre Cookie-Pr\u00e4ferenz f\u00fcr nachfolgende Seitenanfragen erhalten. Mit Hilfe des Schl\u00fcssels kann ihre Zustimmung nachgewiesen und nachvollzogen werden.<\/p><p>Die Funktionsf\u00e4higkeit der Website ist ohne die Verarbeitung nicht gew\u00e4hrleistet.<\/p><p>Usercentrics ist Empf\u00e4nger Ihrer personenbezogenen Daten und als Auftragsverarbeiter f\u00fcr uns t\u00e4tig.<\/p><p>Die Verarbeitung findet in der Europ\u00e4ischen Union statt. Weitere Informationen zu Widerspruchs- und Beseitigungsm\u00f6glichkeiten gegen\u00fcber Usercentrics finden Sie unter:\u00a0<a href=\"https:\/\/www.cookiebot.com\/de\/privacy-policy\/\" target=\"_blank\" rel=\"noreferrer noopener\">https:\/\/www.cookiebot.com\/de\/privacy-policy\/<\/a><\/p><p>Bitte beachten Sie unsere generellen Ausf\u00fchrungen \u00fcber die L\u00f6schung und Deaktivierung von Cookies oben.<\/p><h4><strong>b) Google reCAPTCHA<\/strong><\/h4><p>Wir nutzen \u201cGoogle reCAPTCHA\u201d (im Folgenden \u201creCAPTCHA\u201d) auf unseren Websites. Anbieter ist die Google Inc., 1600 Amphitheatre Parkway, Mountain View, CA 94043, USA (\u201cGoogle\u201d).<\/p><p>Mit reCAPTCHA soll \u00fcberpr\u00fcft werden, ob die Dateneingabe auf unseren Websites (z.B. in einem Kontaktformular) durch einen Menschen oder durch ein automatisiertes Programm erfolgt. Hierzu analysiert reCAPTCHA das Verhalten des Websitebesuchers anhand verschiedener Merkmale. Diese Analyse beginnt automatisch, sobald der Websitebesucher die Website betritt. Zur Analyse wertet reCAPTCHA verschiedene Informationen aus (z.B. IP-Adresse, Verweildauer des Websitebesuchers auf der Website oder vom Nutzer get\u00e4tigte Mausbewegungen). Die bei der Analyse erfassten Daten werden an Google weitergeleitet.<\/p><p>Die reCAPTCHA-Analysen laufen vollst\u00e4ndig im Hintergrund. Websitebesucher werden nicht darauf hingewiesen, dass eine Analyse stattfindet.<\/p><p>Die Datenverarbeitung erfolgt auf Grundlage von Art. 6 Abs. 1 lit. f DSGVO. Der Websitebetreiber hat ein berechtigtes Interesse daran, seine Webangebote vor missbr\u00e4uchlicher automatisierter Aussp\u00e4hung und vor SPAM zu sch\u00fctzen.<\/p><p>Weitere Informationen zu Google reCAPTCHA sowie die Datenschutzerkl\u00e4rung von Google entnehmen Sie folgenden Links:\u00a0<a href=\"https:\/\/www.google.com\/intl\/de\/policies\/privacy\/\" target=\"_blank\" rel=\"noopener\">https:\/\/www.google.com\/intl\/de\/policies\/privacy\/<\/a>\u00a0und\u00a0<a href=\"https:\/\/www.google.com\/recaptcha\/intro\/android.html\" target=\"_blank\" rel=\"noopener\">https:\/\/www.google.com\/recaptcha\/intro\/android.html<\/a>.<\/p><h3>2.4 Onlinepr\u00e4senzen in sozialen Medien<\/h3><p>Wir unterhalten Onlinepr\u00e4senzen innerhalb sozialer Netzwerke und Plattformen, um mit den dort aktiven Kunden, Interessenten und Nutzern kommunizieren und sie dort \u00fcber unsere Leistungen informieren zu k\u00f6nnen. Beim Aufruf der jeweiligen Netzwerke und Plattformen gelten die Gesch\u00e4ftsbedingungen und die Datenverarbeitungsrichtlinien der jeweiligen Betreiber.<\/p><p>Soweit nicht anders im Rahmen unserer Datenschutzerkl\u00e4rung angegeben, verarbeiten wir die Daten der Nutzer sofern diese mit uns innerhalb der sozialen Netzwerke und Plattformen kommunizieren, z.B. Beitr\u00e4ge auf unseren Onlinepr\u00e4senzen verfassen oder uns Nachrichten zusenden.<\/p><h4><strong>a) LinkedIn-Seite<\/strong><\/h4><p>LinkedIn ist ein soziales Netzwerk der LinkedIn Inc. mit Sitz in Sunnyvale, Kalifornien, USA, welches die Erstellung von privaten und beruflichen Profilen erm\u00f6glicht. Benutzer k\u00f6nnen dabei ihre bestehenden Kontakte pflegen und neue kn\u00fcpfen. Unternehmen k\u00f6nnen Profile erstellen, auf denen Fotos und andere Unternehmensinformationen hochgeladen werden. Andere LinkedIn-Benutzer haben Zugriff auf diese Informationen und k\u00f6nnen ihre eigenen Artikel schreiben und diesen Inhalt mit anderen teilen.<\/p><p>Der Schwerpunkt liegt auf dem professionellen Austausch \u00fcber Fachthemen mit Menschen, die die gleichen beruflichen Interessen haben. Dar\u00fcber hinaus wird LinkedIn h\u00e4ufig von Unternehmen und anderen Organisationen verwendet, um Mitarbeiter einzustellen und sich als interessanter Arbeitgeber zu pr\u00e4sentieren.<\/p><p>Weitere Informationen zu LinkedIn finden Sie unter: https:\/\/about.linkedin.com\/<\/p><p>Weitere Informationen zum Datenschutz bei LinkedIn finden Sie unter: https:\/\/www.linkedin.com\/legal\/privacy-policy<\/p><p>\u00dcber unsere LinkedIn Unternehmensseite erheben und verarbeiteten wir keine personenbezogenen Daten.<\/p><h4><strong>b) Kununu<\/strong><\/h4><p>Arbeitgeberbewertungsplattform<br \/>Anbieter: kununu GmbH, Neutorgasse 4-8, Top 3.02, A \u2013 1010 Wien, \u00d6sterreich; Webseite:\u00a0<a href=\"https:\/\/www.kununu.com\/\" target=\"_blank\" rel=\"noopener noreferrer\">www.kununu.com<\/a>; Datenschutzerkl\u00e4rung:\u00a0<a href=\"https:\/\/privacy.xing.com\/de\/datenschutzerklaerung?sc_o=cookie_consent_banner_privacy_policy_click&amp;amp;sc_o_PropActionOrigin=cookie_consent_banner_bottom\" target=\"_blank\" rel=\"noopener noreferrer\">privacy.xing.com\/de\/datenschutzerklaerung<\/a>; Widerspruchsm\u00f6glichkeit:\u00a0<a href=\"https:\/\/privacy.xing.com\/de\/datenschutzerklaerung\/welche-rechte-koennen-sie-geltend-machen\/widerspruchsrecht\" target=\"_blank\" rel=\"noopener noreferrer\">privacy.xing.com\/de\/datenschutzerklaerung\/welche-rechte-koennen-sie-geltend-machen\/widerspruchsrecht<\/a>.<\/p><h2>3. Weitergabe Ihrer Daten<\/h2><p>Au\u00dfer an unseren Website-Betreiber und Hosting-Anbieter, Google Analytics sowie Google Maps werden Ihre Daten von uns nicht an Dritte vermittelt. Au\u00dferdem stellen wir durch entsprechende Ma\u00dfnahmen und regelm\u00e4\u00dfige Kontrollen sicher, dass die von uns erhobenen Daten nicht durch Dritte von au\u00dfen eingesehen oder abgegriffen werden k\u00f6nnen.<\/p><h2>4. Betroffenen Rechte<\/h2><h3>4.1 Widerruf Ihrer Einwilligung zur Datenverarbeitung<\/h3><p>Viele Datenverarbeitungsvorg\u00e4nge sind nur mit Ihrer ausdr\u00fccklichen Einwilligung m\u00f6glich. Sie k\u00f6nnen eine bereits erteilte Einwilligung jederzeit widerrufen. Dazu reicht eine formlose Mitteilung per E-Mail an uns. Die Rechtm\u00e4\u00dfigkeit der bis zum Widerruf erfolgten Datenverarbeitung bleibt vom Widerruf unber\u00fchrt.<\/p><h3>4.2 Beschwerderecht bei der zust\u00e4ndigen Aufsichtsbeh\u00f6rde<\/h3><p>Im Falle datenschutzrechtlicher Verst\u00f6\u00dfe steht dem Betroffenen ein Beschwerderecht bei der zust\u00e4ndigen Aufsichtsbeh\u00f6rde zu.<\/p><p>Zust\u00e4ndige Aufsichtsbeh\u00f6rde in datenschutzrechtlichen Fragen ist f\u00fcr die Opereon Consulting GmbH, Maximilianstra\u00dfe 5, 76133 Karlsruhe der Landesdatenschutzbeauftragte Baden-W\u00fcrttembergs. Dieser ist zu erreichen unter\u00a0<a href=\"https:\/\/www.baden-wuerttemberg.datenschutz.de\/\">https:\/\/www.baden-wuerttemberg.datenschutz.de\/<\/a>.<\/p><h3>4.3 Recht auf Daten\u00fcbertragbarkeit<\/h3><p>Sie haben das Recht, Daten, die wir auf Grundlage Ihrer Einwilligung oder in Erf\u00fcllung eines Vertrags automatisiert verarbeiten, an sich oder an einen Dritten in einem g\u00e4ngigen, maschinenlesbaren Format aush\u00e4ndigen zu lassen. Sofern Sie die direkte \u00dcbertragung der Daten an einen anderen Verantwortlichen verlangen, erfolgt dies nur, soweit es technisch machbar ist.<\/p><h3>4.4 Auskunft, Sperrung, L\u00f6schung<\/h3><p>Sie haben im Rahmen der geltenden gesetzlichen Bestimmungen aus Kapitel III DSGVO jederzeit das Recht auf unentgeltliche Auskunft \u00fcber Ihre gespeicherten personenbezogenen Daten, deren Herkunft und Empf\u00e4nger und den Zweck der Datenverarbeitung und ggf. ein Recht auf unverz\u00fcgliche Berichtigung, Sperrung oder L\u00f6schung dieser Daten. Hierzu sowie zu weiteren Fragen zum Thema personenbezogene Daten k\u00f6nnen Sie sich jederzeit unter der in der Datenschutzerkl\u00e4rung angegebenen Kontaktinformationen, unter im Impressum angegebenen Adresse oder per E-Mail an\u00a0<a href=\"mailto:info@opereon.de\">info@opereon.de<\/a> an uns wenden.<\/p><h2>5. Widerspruchsrecht<\/h2><p><strong>Sofern Ihre personenbezogenen Daten auf Grundlage von berechtigten Interessen gem\u00e4\u00df Art. 6 Abs. 1 S. 1 lit. f DSGVO verarbeitet werden, haben Sie das Recht, gem\u00e4\u00df Art. 21 DSGVO Widerspruch gegen die Verarbeitung Ihrer personenbezogenen Daten einzulegen, soweit daf\u00fcr Gr\u00fcnde vorliegen, die sich aus Ihrer besonderen Situation ergeben oder sich der Widerspruch gegen Direktwerbung richtet. Im letzteren Fall haben Sie ein generelles Widerspruchsrecht, das ohne Angabe einer besonderen Situation von uns umgesetzt wird.<\/strong><\/p><p><strong>M\u00f6chten Sie von Ihrem Widerrufs- oder Widerspruchsrecht Gebrauch machen, gen\u00fcgt eine E-Mail an\u00a0<\/strong><a href=\"mailto:info@opereon.de\">info@opereon.de<\/a>.<\/p><h2>6. Kontaktformular<\/h2><p>Bei Fragen jeglicher Art bieten wir Ihnen die M\u00f6glichkeit, mit uns \u00fcber ein auf der Website bereitgestelltes Formular Kontakt aufzunehmen. Dabei ist die Angabe Ihres Namens und einer g\u00fcltigen E-Mail-Adresse erforderlich, damit wir wissen, von wem die Anfrage stammt und um diese beantworten zu k\u00f6nnen. Weitere Angaben k\u00f6nnen freiwillig get\u00e4tigt werden.<\/p><p>Die Datenverarbeitung zum Zwecke der Kontaktaufnahme mit uns erfolgt nach Art. 6 Abs. 1 S. 1 lit. b DSGVO auf Grundlage einer vertrags\u00e4hnlichen Beziehung im Sinne einer Vertragsanbahnung.<\/p><p>Die f\u00fcr die Benutzung des Kontaktformulars von uns erhobenen personenbezogenen Daten werden nach Erledigung der von Ihnen gestellten Anfrage automatisch gel\u00f6scht.<\/p><h2>7. Bewerbungsformular<\/h2><p>\u00dcber unser Bewerbungsformular k\u00f6nnen Sie sich direkt beim Webseitenbetreiber bewerben. Sie pflegen Ihre Daten, die Sie \u00fcbermitteln m\u00f6chten Selbst ein. Rechtsgrundlage f\u00fcr diese Verarbeitung ist \u00a7 26 BDSG. Bitte nehmen Sie unsere gesonderten Datenschutzhinweise f\u00fcr Bewerber zur Kenntnis.<\/p><h2>8. SSL- bzw. TLS-Verschl\u00fcsselung<\/h2><p>Diese Seite nutzt aus Sicherheitsgr\u00fcnden und zum Schutz der \u00dcbertragung vertraulicher Inhalte, wie zum Beispiel Bestellungen oder Anfragen, die Sie an uns als Seitenbetreiber senden, eine SSL-bzw. TLS-Verschl\u00fcsselung. Eine verschl\u00fcsselte Verbindung erkennen Sie daran, dass die Adresszeile des Browsers von \u201chttp:\/\/\u201d auf \u201chttps:\/\/\u201d wechselt und an dem Schloss-Symbol in Ihrer Browserzeile.<\/p><p>Wenn die SSL- bzw. TLS-Verschl\u00fcsselung aktiviert ist, k\u00f6nnen die Daten, die Sie an uns \u00fcbermitteln, nicht von Dritten mitgelesen werden.<\/p><h2>9. Links zu Webseiten anderer Anbieter<\/h2><p>Unsere Webseiten k\u00f6nnen Links zu Webseiten anderer Anbieter enthalten, auf die sich diese Datenschutzerkl\u00e4rung nicht erstreckt. Soweit mit der Nutzung der Internetseiten anderer Anbieter die Erhebung, Verarbeitung oder Nutzung personenbezogener Daten verbunden ist, beachten Sie bitte die Datenschutzhinweise der jeweiligen Anbieter.<\/p><h2>10. Sonstiges<\/h2><p>Wir weisen darauf hin, dass die Daten\u00fcbertragung im Internet (z.B. bei der Kommunikation per E-Mail) Sicherheitsl\u00fccken aufweisen kann. Ein l\u00fcckenloser Schutz der Daten vor dem Zugriff durch Dritte ist nicht m\u00f6glich.<\/p><p>Diese Datenschutzerkl\u00e4rung hat den Stand November 2023.<\/p>\t\t\t\t\t\t\t\t<\/div>\n\t\t\t\t<\/div>\n\t\t\t\t\t<\/div>\n\t\t\t\t<\/div>\n\t\t\t\t<\/div>\n\t\t","protected":false},"excerpt":{"rendered":"<p>Datenschutzerkl\u00e4rung 1. Datenschutz auf einen Blick Allgemeine Hinweise Die folgenden Hinweise geben einen einfachen \u00dcberblick dar\u00fcber, was mit Ihren personenbezogenen Daten geschieht, wenn unsere Website\u00a0von Ihnen besucht wird. Personenbezogene Daten sind nach Art. 4 (1) DSGVO alle Daten, mit denen Sie pers\u00f6nlich identifiziert werden k\u00f6nnen. Detaillierte Informationen zum Thema Datenschutz entnehmen Sie unserer unter diesem [&hellip;]<\/p>\n","protected":false},"author":2,"featured_media":0,"parent":0,"menu_order":0,"comment_status":"closed","ping_status":"closed","template":"","meta":{"footnotes":""},"class_list":["post-13","page","type-page","status-publish","hentry"],"_links":{"self":[{"href":"https:\/\/www.opereon.de\/index.php\/wp-json\/wp\/v2\/pages\/13","targetHints":{"allow":["GET"]}}],"collection":[{"href":"https:\/\/www.opereon.de\/index.php\/wp-json\/wp\/v2\/pages"}],"about":[{"href":"https:\/\/www.opereon.de\/index.php\/wp-json\/wp\/v2\/types\/page"}],"author":[{"embeddable":true,"href":"https:\/\/www.opereon.de\/index.php\/wp-json\/wp\/v2\/users\/2"}],"replies":[{"embeddable":true,"href":"https:\/\/www.opereon.de\/index.php\/wp-json\/wp\/v2\/comments?post=13"}],"version-history":[{"count":41,"href":"https:\/\/www.opereon.de\/index.php\/wp-json\/wp\/v2\/pages\/13\/revisions"}],"predecessor-version":[{"id":3654,"href":"https:\/\/www.opereon.de\/index.php\/wp-json\/wp\/v2\/pages\/13\/revisions\/3654"}],"wp:attachment":[{"href":"https:\/\/www.opereon.de\/index.php\/wp-json\/wp\/v2\/media?parent=13"}],"curies":[{"name":"wp","href":"https:\/\/api.w.org\/{rel}","templated":true}]}}