{"id":182,"date":"2023-11-12T12:23:45","date_gmt":"2023-11-12T12:23:45","guid":{"rendered":"https:\/\/dev.opereon.de\/?page_id=182"},"modified":"2025-03-12T10:23:30","modified_gmt":"2025-03-12T10:23:30","slug":"datenschutzinformationen","status":"publish","type":"page","link":"https:\/\/www.opereon.de\/index.php\/datenschutzinformationen\/","title":{"rendered":"Datenschutzinformationen"},"content":{"rendered":"\t\t<div data-elementor-type=\"wp-page\" data-elementor-id=\"182\" class=\"elementor elementor-182\" data-elementor-post-type=\"page\">\n\t\t\t\t<div class=\"elementor-element elementor-element-6cfcb24 e-flex e-con-boxed e-con e-parent\" data-id=\"6cfcb24\" data-element_type=\"container\" data-e-type=\"container\">\n\t\t\t\t\t<div class=\"e-con-inner\">\n\t\t\t\t<div class=\"elementor-element elementor-element-7f5668c elementor-widget elementor-widget-spacer\" data-id=\"7f5668c\" data-element_type=\"widget\" data-e-type=\"widget\" data-widget_type=\"spacer.default\">\n\t\t\t\t<div class=\"elementor-widget-container\">\n\t\t\t\t\t\t\t<div class=\"elementor-spacer\">\n\t\t\t<div class=\"elementor-spacer-inner\"><\/div>\n\t\t<\/div>\n\t\t\t\t\t\t<\/div>\n\t\t\t\t<\/div>\n\t\t\t\t<div class=\"elementor-element elementor-element-1799456 elementor-widget elementor-widget-heading\" data-id=\"1799456\" data-element_type=\"widget\" data-e-type=\"widget\" data-widget_type=\"heading.default\">\n\t\t\t\t<div class=\"elementor-widget-container\">\n\t\t\t\t\t<h2 class=\"elementor-heading-title elementor-size-default\">Datenschutzinformationen<\/h2>\t\t\t\t<\/div>\n\t\t\t\t<\/div>\n\t\t\t\t<div class=\"elementor-element elementor-element-401487a elementor-widget elementor-widget-text-editor\" data-id=\"401487a\" data-element_type=\"widget\" data-e-type=\"widget\" data-widget_type=\"text-editor.default\">\n\t\t\t\t<div class=\"elementor-widget-container\">\n\t\t\t\t\t\t\t\t\t<h2><span style=\"text-align: var(--text-align); color: #716c80; font-family: Nunito, sans-serif; font-size: 18px; font-weight: 300;\">Datenschutzinformationen | Opereon | IT-Beratung<\/span><\/h2><p>Opereon Consulting GmbH<\/p><p>Datenschutzinformation<\/p><p>(Informationen gem\u00e4\u00df Art. 13, 14 DSGVO)<\/p><p>Wir freuen uns, dass Sie sich f\u00fcr unser Unternehmen interessieren und daher Kontakt mit uns aufgenommen haben. Wir m\u00f6chten Ihnen gem\u00e4\u00df Art. 13 DSGVO nachfolgend Informationen zur Verarbeitung Ihrer personenbezogenen Daten im Zusammenhang mit Ihrer Kontaktaufnahme zukommen lassen.<\/p><p>Verantwortlicher im Sinne des Datenschutzrechtes<\/p><p>Opereon Consulting GmbH<br \/>vertreten durch den gesch\u00e4ftsf\u00fchrenden<br \/>Gesellschafter Stefan Grabatin (im Folgenden \u201ewir\u201c)<br \/>Maximilianstr. 5, 76133 Karlsruhe<br \/>E-Mail: <u>info[at]opereon.de<\/u><\/p><p>Welche Ihrer Daten verarbeiten wir und zu welchen Zwecken?<\/p><p>Wir verarbeiten Ihre personenbezogenen Daten. Hierbei handelt es sich um alle Informationen, die sich auf eine identifizierte oder identifizierbare Einzelperson beziehen (Art. 4 Abs. 1 DSGVO). Im Rahmen der Gesch\u00e4ftst\u00e4tigkeit verarbeiten wir Kontaktdaten unserer Kunden und deren Mitarbeitern, von Gesch\u00e4ftspartnern und sonstigen Dritten. Wir verarbeiten ferner Zahlungsdaten und ggf. weitere Informationen zu pers\u00f6nlichen und wirtschaftlichen Verh\u00e4ltnissen, soweit dies f\u00fcr die Erbringung unserer Leistungen erforderlich ist. Wir verarbeiten auch Daten, die wir nicht von Ihnen direkt, sondern von Kunden oder sonstigen Dritten erhalten. Hierbei beziehen wir auch Daten aus \u00f6ffentlich zug\u00e4nglichen Quellen, n\u00e4mlich Verzeichnissen, Registern und dem frei zug\u00e4nglichen Internet, mit ein. Wir verarbeiten die Daten, die Sie uns im Zusammenhang mit Ihrer Kontaktaufnahme \u00fcbermittelt haben (E-Mail, Visitenkarte, Anfrage, Telefonanruf). Dies geschieht, um z. B. eine Gesch\u00e4ftsanbahnung einzuleiten, Ihren Wunsch nach Informationen zu erf\u00fcllen oder allgemein, um die Kommunikation mit Ihnen durchf\u00fchren zu k\u00f6nnen. Au\u00dferdem k\u00f6nnen die Speicherung und Verarbeitung erfolgen, weil sie gesetzlich vorgeschrieben sind. Wir verarbeiten zudem Ihre erforderlichen Daten f\u00fcr den Abschluss und die Durchf\u00fchrung eines zwischen uns abgeschlossenen Vertrages.<\/p><p>Was ist Rechtsgrundlage der Datenverarbeitung?<\/p><p>Rechtsgrundlage f\u00fcr die Verarbeitung Ihrer personenbezogenen Daten in diesen Verfahren ist prim\u00e4r Art. 6 Abs. 1 lit. f) DSGVO (berechtigte Interessen, z.B. im Sinne einer gew\u00fcnschten Gesch\u00e4ftsanbahnung oder Erf\u00fcllung eines Informationswunsches) und Art. 6 Abs. 1 lit. b) DSGVO (zur Vertragserf\u00fcllung).<\/p><p>Wie lange werden die Daten gespeichert?<\/p><p>Die erhobenen Daten werden gespeichert, solange sie ben\u00f6tigt werden, d. h. sie f\u00fcr die Erreichung des Zweckes ihrer Erhebung erforderlich sind. Dar\u00fcber hinaus speichern wir personenbezogene Daten aufgrund von Steuer- und handelsrechtlichen Aufbewahrungs- und Dokumentationspflichten (z.B. aus HGB, StGB oder AO), nach denen wir zu einer l\u00e4ngeren Speicherung verpflichtet sind. Eine dar\u00fcberhinausgehende Speicherung erfolgt, sofern Sie hierzu eingewilligt haben oder hierzu ein weiteres berechtigtes Interesse nach Art. 6 Abs. 1 Satz 1 lit. f) DSGVO besteht. Kommen mehrere Aufbewahrungsfristen in Betracht, ist jeweils die l\u00e4ngste Frist ma\u00dfgeblich.<\/p><p>Wer ist Empf\u00e4nger von Daten? Wem werden Ihre Daten mitgeteilt?<\/p><p>Die durch den Kontakt erhobenen, personenbezogenen Daten werden nicht an Dritte weitergegeben, es sei denn, es ist gesetzlich vorgeschrieben, zur Erf\u00fcllung vertraglicher Pflichten erforderlich, durch berechtigte Interessen Dritter erforderlich oder aufgrund einer von Ihnen erteilten Einwilligung so vereinbart. Unter diesen Ma\u00dfnahmen k\u00f6nnen folgende Empf\u00e4nger in Frage kommen: von uns beauftragte Auftragsverarbeiter, Beh\u00f6rden, \u00f6ffentliche Organisationen, Kunden und Partner. Eine \u00dcbermittlung in Staaten au\u00dferhalb des europ\u00e4ischen Wirtschaftsraums findet nur statt, wenn diese ein von der EU-Kommission best\u00e4tigtes, angemessenes Datenschutzniveau vorweisen k\u00f6nnen, ferner wenn entsprechende Datenschutzgarantien vorliegen, es zur Erf\u00fcllung arbeitsvertraglicher Pflichten erforderlich ist oder wenn Sie uns eine diesbez\u00fcgliche Einwilligung erteilt haben. Im Rahmen der Vertragserf\u00fcllung ziehen wir, bei Bedarf und ihr Einverst\u00e4ndnis vorausgesetzt, verbundene, der Vertraulichkeit unterliegende Unternehmen der Consileon-Gruppe (Auflistung siehe Anhang) hinzu, um eine optimale Beratung zu gew\u00e4hrleisten. Wir nehmen technische Unterst\u00fctzungsleistungen, sowie IT-Wartung, Hosting-Dienstleistungen, sowie Dienstleistungen zur Entsorgung und Vernichtung von Akten und Datentr\u00e4gern in Anspruch. Hierbei kann nicht ausgeschlossen werden, dass eine Weitergabe an diese Dienstleister erfolgt. Daher schlie\u00dfen wir mit dem jeweiligen Dienstleister einen Vertrag \u00fcber Auftragsverarbeitung i. S. d. Art. 28 DSGVO, um die Einhaltung des Datenschutzes zu gew\u00e4hrleisten.<\/p><p>Wo werden die Daten verarbeitet?<\/p><p>Die personenbezogenen Daten werden in unseren internen Systemen, bei den von uns unter Vertrag genommenen Auftragsverarbeitern und in Rechenzentren der Bundesrepublik Deutschland verarbeitet.<\/p><p>Wie werden die Daten gesichert?<\/p><p>Wir sind zu regelm\u00e4\u00dfiger Datensicherung im erforderlichen Umfang verpflichtet. Wir haben zudem die technischen und organisatorischen Anforderungen gem\u00e4\u00df Art. 32 DSGVO zu erf\u00fcllen, insbesondere haben wir die unserem Zugriff unterliegenden Systeme gegen unbefugte Kenntnisnahme, Speicherung, Ver\u00e4nderung sowie sonstige nicht autorisierte Zugriffe oder Angriffe, gleich welcher Art, durch Mitarbeiter oder sonstige Dritte zu sch\u00fctzen. Hierzu ergreifen wir die nach dem neuesten Stand bew\u00e4hrter Technik geeigneten Ma\u00dfnahmen in erforderlichem Umfang, insbesondere zum Schutz gegen Viren und sonstige schadhafte Programme oder Programmroutinen, au\u00dferdem sonstige Ma\u00dfnahmen zum Schutz seiner Einrichtung, insbesondere zum Schutz gegen Einbruch.<\/p><p>Welches sind Ihre Rechte als Betroffener?<\/p><p>Sie haben das Recht auf Auskunft \u00fcber die von uns zu Ihrer Person verarbeiteten, personenbezogenen Daten (Art. 15 DSGVO). Bei einer Auskunftsanfrage, die nicht schriftlich erfolgt, bitten wir um Verst\u00e4ndnis daf\u00fcr, dass wir dann gegebenenfalls Nachweise von Ihnen verlangen, die belegen, dass Sie die Person sind, f\u00fcr die Sie sich ausgeben. Sie haben das Recht auf Berichtigung, L\u00f6schung oder auf Einschr\u00e4nkung der Verarbeitung, soweit Ihnen dieses gesetzlich zusteht (Art. 16 \u2013 18 DSGVO). Sie haben das Recht auf Widerspruch gegen die Verarbeitung, soweit Ihnen dieses gesetzlich zusteht (Art. 21 DSGVO). Sie haben das Recht auf Daten\u00fcbertragbarkeit, sofern Ihnen dieses gesetzlich zusteht (Art. 20 DSGVO). Wenn die personenbezogenen Daten erhoben wurden, weil Sie eine Einwilligungserkl\u00e4rung hierzu gegeben haben, haben Sie das Recht diese Einwilligung jederzeit ohne Angabe von Gr\u00fcnden zu widerrufen (Art. 7 Abs. 3 DSGVO). Sie haben ein Beschwerderecht. Dieses gibt Ihnen die M\u00f6glichkeit, sich bei der zust\u00e4ndigen Aufsichtsbeh\u00f6rde (Landesdatenschutzbeauftragte) zu beschweren, wenn Sie der Auffassung sind, dass wir Ihre personenbezogenen Daten nicht korrekt verarbeiten (Art. 77 DSGVO). Zust\u00e4ndige Aufsichtsbeh\u00f6rde ist in der Regel die Aufsichtsbeh\u00f6rde Ihres regelm\u00e4\u00dfigen Wohnsitzes.<\/p><p>Die f\u00fcr die Opereon Consulting GmbH zust\u00e4ndige Aufsichtsbeh\u00f6rde ist: Der Landesbeauftragte\u00a0f\u00fcr Datenschutz und Informationsfreiheit Baden-W\u00fcrttemberg\u00a0<a href=\"https:\/\/www.baden-wuerttemberg.datenschutz.de\/kontakt\/\">https:\/\/www.baden-wuerttemberg.datenschutz.de\/kontakt\/<\/a>.<\/p><p>Falls Sie von einem Beschwerderecht bei der Aufsichtsbeh\u00f6rde Gebrauch machen m\u00f6chten, laden wir Sie ein, mit uns zuvor in Kontakt zu treten und noch einmal auf uns zuzugehen (z.B. unter E-Mail: <u>info[at]opereon.de<\/u>).<\/p><p>Widerspruchsrecht<\/p><p>Sofern Ihre personenbezogenen Daten auf Grundlage von berechtigten Interessen gem\u00e4\u00df Art. 6 Abs. 1 S. 1 lit. f DSGVO verarbeitet werden, haben Sie das Recht, gem\u00e4\u00df Art. 21 DSGVO Widerspruch gegen die Verarbeitung Ihrer personenbezogenen Daten einzulegen, soweit daf\u00fcr Gr\u00fcnde vorliegen, die sich aus Ihrer besonderen Situation ergeben oder sich der Widerspruch gegen Direktwerbung richtet. Im letzteren Fall haben Sie ein generelles Widerspruchsrecht, das ohne Angabe einer besonderen Situation von uns umgesetzt wird. M\u00f6chten Sie von Ihrem Widerrufs- oder Widerspruchsrecht Gebrauch machen, gen\u00fcgt eine E-Mail an <u>info[at]opereon.de<\/u>.<\/p>\t\t\t\t\t\t\t\t<\/div>\n\t\t\t\t<\/div>\n\t\t\t\t\t<\/div>\n\t\t\t\t<\/div>\n\t\t\t\t<\/div>\n\t\t","protected":false},"excerpt":{"rendered":"<p>Datenschutzinformationen Datenschutzinformationen | Opereon | IT-Beratung Opereon Consulting GmbH Datenschutzinformation (Informationen gem\u00e4\u00df Art. 13, 14 DSGVO) Wir freuen uns, dass Sie sich f\u00fcr unser Unternehmen interessieren und daher Kontakt mit uns aufgenommen haben. Wir m\u00f6chten Ihnen gem\u00e4\u00df Art. 13 DSGVO nachfolgend Informationen zur Verarbeitung Ihrer personenbezogenen Daten im Zusammenhang mit Ihrer Kontaktaufnahme zukommen lassen. Verantwortlicher [&hellip;]<\/p>\n","protected":false},"author":2,"featured_media":0,"parent":0,"menu_order":0,"comment_status":"closed","ping_status":"closed","template":"","meta":{"footnotes":""},"class_list":["post-182","page","type-page","status-publish","hentry"],"_links":{"self":[{"href":"https:\/\/www.opereon.de\/index.php\/wp-json\/wp\/v2\/pages\/182","targetHints":{"allow":["GET"]}}],"collection":[{"href":"https:\/\/www.opereon.de\/index.php\/wp-json\/wp\/v2\/pages"}],"about":[{"href":"https:\/\/www.opereon.de\/index.php\/wp-json\/wp\/v2\/types\/page"}],"author":[{"embeddable":true,"href":"https:\/\/www.opereon.de\/index.php\/wp-json\/wp\/v2\/users\/2"}],"replies":[{"embeddable":true,"href":"https:\/\/www.opereon.de\/index.php\/wp-json\/wp\/v2\/comments?post=182"}],"version-history":[{"count":28,"href":"https:\/\/www.opereon.de\/index.php\/wp-json\/wp\/v2\/pages\/182\/revisions"}],"predecessor-version":[{"id":3657,"href":"https:\/\/www.opereon.de\/index.php\/wp-json\/wp\/v2\/pages\/182\/revisions\/3657"}],"wp:attachment":[{"href":"https:\/\/www.opereon.de\/index.php\/wp-json\/wp\/v2\/media?parent=182"}],"curies":[{"name":"wp","href":"https:\/\/api.w.org\/{rel}","templated":true}]}}