{"id":1920,"date":"2024-06-14T07:41:40","date_gmt":"2024-06-14T07:41:40","guid":{"rendered":"https:\/\/www.opereon.de\/?page_id=1920"},"modified":"2025-10-30T08:20:30","modified_gmt":"2025-10-30T08:20:30","slug":"unser-management","status":"publish","type":"page","link":"https:\/\/www.opereon.de\/index.php\/unser-management\/","title":{"rendered":"Unser Management"},"content":{"rendered":"\t\t<div data-elementor-type=\"wp-page\" data-elementor-id=\"1920\" class=\"elementor elementor-1920\" data-elementor-post-type=\"page\">\n\t\t\t\t<div class=\"elementor-element elementor-element-7fb4d15 e-flex e-con-boxed e-con e-parent\" data-id=\"7fb4d15\" data-element_type=\"container\" data-e-type=\"container\">\n\t\t\t\t\t<div class=\"e-con-inner\">\n\t\t\t\t<div class=\"elementor-element elementor-element-ecbc135 elementor-widget elementor-widget-spacer\" data-id=\"ecbc135\" data-element_type=\"widget\" data-e-type=\"widget\" data-widget_type=\"spacer.default\">\n\t\t\t\t<div class=\"elementor-widget-container\">\n\t\t\t\t\t\t\t<div class=\"elementor-spacer\">\n\t\t\t<div class=\"elementor-spacer-inner\"><\/div>\n\t\t<\/div>\n\t\t\t\t\t\t<\/div>\n\t\t\t\t<\/div>\n\t\t<header class=\"elementor-element elementor-element-ed001b9 e-con-full e-flex e-con e-child\" data-id=\"ed001b9\" data-element_type=\"container\" data-e-type=\"container\">\n\t\t\t\t<div class=\"elementor-element elementor-element-a120597 elementor-widget__width-initial elementor-widget elementor-widget-heading\" data-id=\"a120597\" data-element_type=\"widget\" data-e-type=\"widget\" data-widget_type=\"heading.default\">\n\t\t\t\t<div class=\"elementor-widget-container\">\n\t\t\t\t\t<h1 class=\"elementor-heading-title elementor-size-default\">Unser Management<\/h1>\t\t\t\t<\/div>\n\t\t\t\t<\/div>\n\t\t\t\t<div class=\"elementor-element elementor-element-75d1887 elementor-widget elementor-widget-text-editor\" data-id=\"75d1887\" data-element_type=\"widget\" data-e-type=\"widget\" data-widget_type=\"text-editor.default\">\n\t\t\t\t<div class=\"elementor-widget-container\">\n\t\t\t\t\t\t\t\t\t<h5 style=\"text-align: center;\"><em style=\"text-align: var(--text-align);\">Stefan Grabatin und Nikolaus Weber: Das Management im Interview!<\/em><\/h5>\t\t\t\t\t\t\t\t<\/div>\n\t\t\t\t<\/div>\n\t\t\t\t<\/header>\n\t\t<div class=\"elementor-element elementor-element-db7aad8 e-grid e-con-boxed e-con e-child\" data-id=\"db7aad8\" data-element_type=\"container\" data-e-type=\"container\">\n\t\t\t\t\t<div class=\"e-con-inner\">\n\t\t\t\t<div class=\"elementor-element elementor-element-d205bf8 elementor-widget__width-initial elementor-widget elementor-widget-image\" data-id=\"d205bf8\" data-element_type=\"widget\" data-e-type=\"widget\" data-widget_type=\"image.default\">\n\t\t\t\t<div class=\"elementor-widget-container\">\n\t\t\t\t\t\t\t\t\t\t\t\t<figure class=\"wp-caption\">\n\t\t\t\t\t\t\t\t\t\t<img decoding=\"async\" src=\"https:\/\/www.opereon.de\/wp-content\/uploads\/2024\/06\/2024-06-14-09_23_41-Teams-und-Kanaele-_-Opereon-Knowledge-Hub-_-Meine-Firma-_-Consileon-_-tobias.cloo_.png\" title=\"Stefan_Grabatin\" alt=\"Gesch\u00e4ftsf\u00fchrer Stefan Grabatin\" loading=\"lazy\" \/>\t\t\t\t\t\t\t\t\t\t\t<figcaption class=\"widget-image-caption wp-caption-text\">Stefan Grabatin - Gesch\u00e4ftsf\u00fchrer<\/figcaption>\n\t\t\t\t\t\t\t\t\t\t<\/figure>\n\t\t\t\t\t\t\t\t\t<\/div>\n\t\t\t\t<\/div>\n\t\t\t\t<div class=\"elementor-element elementor-element-826e1f9 elementor-widget__width-initial elementor-widget elementor-widget-text-editor\" data-id=\"826e1f9\" data-element_type=\"widget\" data-e-type=\"widget\" data-widget_type=\"text-editor.default\">\n\t\t\t\t<div class=\"elementor-widget-container\">\n\t\t\t\t\t\t\t\t\t<p>Stefan unterst\u00fctzt seit 2002 IT-Projekte und studierte Informatik in Karlsruhe. Seit Anfang 2014 ist er als Berater f\u00fcr die Consileon-Gruppe t\u00e4tig. \u200b<\/p><p>In den letzten Jahren betreute er unter anderem als Projektleiter einen weltweiten Website-Rollout, verantwortete als Product Owner eine Webanwendung und k\u00fcmmerte sich um Strategieentwicklung, Prozessoptimierung und Portfoliomanagement im digitalen Marketing. \u200b<\/p><p>Zuletzt skalierte er agile Organisationen im SAFe-Framework und begleitete die Einf\u00fchrung der OKR-Methodik. \u200b<\/p><p>Seit 2023 leitet Stefan als gesch\u00e4ftsf\u00fchrender Gesellschafter die Opereon Consulting GmbH in der Consileon-Gruppe und ist pers\u00f6nlich f\u00fcr die Leistung unserer Berater in ihren Projekten verantwortlich.<\/p>\t\t\t\t\t\t\t\t<\/div>\n\t\t\t\t<\/div>\n\t\t\t\t\t<\/div>\n\t\t\t\t<\/div>\n\t\t\t\t\t<\/div>\n\t\t\t\t<\/div>\n\t\t<div class=\"elementor-element elementor-element-fec993f e-flex e-con-boxed e-con e-parent\" data-id=\"fec993f\" data-element_type=\"container\" data-e-type=\"container\">\n\t\t\t\t\t<div class=\"e-con-inner\">\n\t\t\t\t<div class=\"elementor-element elementor-element-ababbc9 elementor-widget elementor-widget-heading\" data-id=\"ababbc9\" data-element_type=\"widget\" data-e-type=\"widget\" data-widget_type=\"heading.default\">\n\t\t\t\t<div class=\"elementor-widget-container\">\n\t\t\t\t\t<h3 class=\"elementor-heading-title elementor-size-default\">Ein Interview mit Stefan<\/h3>\t\t\t\t<\/div>\n\t\t\t\t<\/div>\n\t\t\t\t<div class=\"elementor-element elementor-element-8cd667b elementor-widget elementor-widget-text-editor\" data-id=\"8cd667b\" data-element_type=\"widget\" data-e-type=\"widget\" data-widget_type=\"text-editor.default\">\n\t\t\t\t<div class=\"elementor-widget-container\">\n\t\t\t\t\t\t\t\t\t<p><strong>Was sind deine Kompetenzen?<\/strong><span data-ccp-props=\"{&quot;201341983&quot;:0,&quot;335559739&quot;:160,&quot;335559740&quot;:259}\">\u00a0<\/span><\/p><p><span data-contrast=\"auto\">Ich liebe es, Ordnung ins Chaos zu bringen und Dinge zu strukturieren. Ich bin zwar k\u00fcnstlerisch unbegabt aber erstaunlich kreativ, habe eine schnelle Auffassungsgabe, kann sehr gut analysieren und schnell Muster erkennen. Ich bin konsequent und hartn\u00e4ckig. Ich priorisiere Umsetzung \u00fcber Ideen.<\/span><\/p><p><strong>Was sind deine Fokusthemen?<\/strong><\/p><p><span data-contrast=\"auto\">Digitale Applikationen (schwerpunktm\u00e4\u00dfig an der Schnittstelle zwischen Firmen und Endkunden). Moderation, Workshops, Change Management, Projektmanagement, Agile Transformation und Skalierung von Organisationen.<\/span><\/p><p><strong>Was hat Dich dazu bewogen eine Karriere im Management anzustreben?\u00a0<\/strong><\/p><p><span data-contrast=\"auto\">Das hat sich entwickelt. Ich liebe es Entscheidungen zu treffen und bin sehr gut darin &#8211; das bringt Ruhe ins Team. Ich schaffe Strukturen und gebe Richtungen vor.<\/span>\u00a0<br \/><span data-contrast=\"auto\">Zudem strebe ich immer nach neuen Herausforderungen und ebne als Pionier den Weg f\u00fcr mein Team.<\/span><span data-ccp-props=\"{&quot;201341983&quot;:0,&quot;335559739&quot;:160,&quot;335559740&quot;:259}\">\u00a0<\/span><\/p><p><strong>Was ist deine Vision f\u00fcr Opereon?\u00a0<\/strong><\/p><p><span data-contrast=\"auto\">Wir wollen f\u00fcr operative Exzellenz im IT-Beratungs- und Dienstleistungsgesch\u00e4ft stehen &#8211; und das branchen\u00fcbergreifend und themenunabh\u00e4ngig.<\/span><span data-ccp-props=\"{&quot;201341983&quot;:0,&quot;335559739&quot;:160,&quot;335559740&quot;:259}\">\u00a0<\/span><\/p><p><span data-contrast=\"auto\">Zudem will ich eine Firma schaffen, die eine Heimat f\u00fcr unsere Mitarbeiter ist. Jeder soll sich entfalten k\u00f6nnen &#8211; es kommt auf die St\u00e4rken jedes Einzelnen an und nicht auf die Schw\u00e4chen.<\/span><span data-ccp-props=\"{&quot;201341983&quot;:0,&quot;335559739&quot;:160,&quot;335559740&quot;:259}\">\u00a0<\/span><\/p><p><strong>Was sch\u00e4tzen\/m\u00f6gen deine Mitarbeiter an Dir?<\/strong><span data-ccp-props=\"{&quot;201341983&quot;:0,&quot;335559739&quot;:160,&quot;335559740&quot;:259}\">\u00a0<\/span><\/p><p><span data-contrast=\"auto\">Dass ich mir Zeit nehme. Dass ich ihre Themen und Fragen und Sorgen ernst nehme, und ein ehrliches Interesse am Menschen und nicht nur am Mitarbeiter habe. Dass ich Freiheitsgrade schaffe und Verantwortung abgebe.<\/span><span data-ccp-props=\"{&quot;201341983&quot;:0,&quot;335559739&quot;:160,&quot;335559740&quot;:259}\">\u00a0<\/span><\/p><p><strong>Was gef\u00e4llt dir besonders an Opereon? \/ Wie m\u00f6chtest du Opereon entwickeln?\u00a0<\/strong><\/p><p><span data-contrast=\"auto\">Die Arbeit bei Opereon und die Ausrichtung der Firma passt zu meinem Kompetenzprofil. Ich finde gut dass wir bis jetzt geschafft haben unseren Intentionen, Pl\u00e4nen und Prinzipien treu zu bleiben.<\/span><span data-ccp-props=\"{&quot;201341983&quot;:0,&quot;335559739&quot;:160,&quot;335559740&quot;:259}\">\u00a0<\/span><span data-contrast=\"auto\">Dass wir Konsequent sind, aber nicht stur. Dass wir experimentieren, aber Ideen die nicht funktionieren auch beenden.<\/span><span data-ccp-props=\"{&quot;201341983&quot;:0,&quot;335559739&quot;:160,&quot;335559740&quot;:259}\">\u00a0<\/span><\/p><p><strong>Was gibt es an pers\u00f6nlichen Themen bei dir die deine Mitarbeiter interessieren k\u00f6nnten?<\/strong><\/p><p><span data-contrast=\"auto\">Ich habe zwei kleine T\u00f6chter. Das ist neben der Arbeit so ziemlich mein Leben.<\/span> <span data-contrast=\"auto\">Es ist mir unendlich wichtig, trotz der Firmengr\u00fcndung und neben den Herausforderungen eines Firmenaufbaus, f\u00fcr meine Familie da zu sein.<\/span><span data-ccp-props=\"{&quot;201341983&quot;:0,&quot;335559739&quot;:160,&quot;335559740&quot;:259}\">\u00a0<\/span><\/p><p><strong>Hast du ein Hobby? <\/strong><\/p><p><span data-contrast=\"auto\">Haus (Passion: Fliesenlegen) und Garten. Lego bauen. Pen&amp;Paper Spiele.<\/span><span data-ccp-props=\"{&quot;201341983&quot;:0,&quot;335559739&quot;:160,&quot;335559740&quot;:259}\">\u00a0<\/span><\/p>\t\t\t\t\t\t\t\t<\/div>\n\t\t\t\t<\/div>\n\t\t\t\t\t<\/div>\n\t\t\t\t<\/div>\n\t\t<div class=\"elementor-element elementor-element-4356212 e-flex e-con-boxed e-con e-parent\" data-id=\"4356212\" data-element_type=\"container\" data-e-type=\"container\">\n\t\t\t\t\t<div class=\"e-con-inner\">\n\t\t<div class=\"elementor-element elementor-element-25cd053 e-grid e-con-boxed e-con e-child\" data-id=\"25cd053\" data-element_type=\"container\" data-e-type=\"container\">\n\t\t\t\t\t<div class=\"e-con-inner\">\n\t\t\t\t<div class=\"elementor-element elementor-element-e0a7a07 elementor-widget__width-initial elementor-widget elementor-widget-image\" data-id=\"e0a7a07\" data-element_type=\"widget\" data-e-type=\"widget\" data-widget_type=\"image.default\">\n\t\t\t\t<div class=\"elementor-widget-container\">\n\t\t\t\t\t\t\t\t\t\t\t\t<figure class=\"wp-caption\">\n\t\t\t\t\t\t\t\t\t\t<img decoding=\"async\" src=\"https:\/\/www.opereon.de\/wp-content\/uploads\/2024\/07\/Niko_rahmen.png\" title=\"Niko_rahmen\" alt=\"Partner Niko Weber\" loading=\"lazy\" \/>\t\t\t\t\t\t\t\t\t\t\t<figcaption class=\"widget-image-caption wp-caption-text\">Nikolaus Weber - Partner<\/figcaption>\n\t\t\t\t\t\t\t\t\t\t<\/figure>\n\t\t\t\t\t\t\t\t\t<\/div>\n\t\t\t\t<\/div>\n\t\t\t\t<div class=\"elementor-element elementor-element-632e734 elementor-widget__width-initial elementor-widget elementor-widget-text-editor\" data-id=\"632e734\" data-element_type=\"widget\" data-e-type=\"widget\" data-widget_type=\"text-editor.default\">\n\t\t\t\t<div class=\"elementor-widget-container\">\n\t\t\t\t\t\t\t\t\t<p>Niko hat nach seinem Studium als Wirtschaftsingenieur 2016 den Einstieg in die Beratung gefunden.<\/p><p>Durch seine Erfahrung in der Schnittstelle zwischen Fachbereich und IT besitzt er ein tiefes Verst\u00e4ndnis f\u00fcr komplexe IT-Systeme und erleichtert den Informationsfluss zwischen Stakeholdern. Diese F\u00e4higkeiten kamen in verschiedenen Rollen zum Tragen, wie Process Owner, Rollout-, Anforderungs- oder klassischer Projektmanager.<\/p><p>In den letzten Jahren hat er stets im Automotive-Bereich gearbeitet und steuert aktuell als Product Owner den Business Value f\u00fcr einen Kunden.<\/p><p>2024 hat Niko intern in der Consileon Gruppe gewechselt um die Opereon aufzubauen. Dabei liegt der Fokus auf der Entwicklung von Prozessen und Tools, die sowohl Mitarbeiter als auch Kunden unterst\u00fctzen.<\/p>\t\t\t\t\t\t\t\t<\/div>\n\t\t\t\t<\/div>\n\t\t\t\t\t<\/div>\n\t\t\t\t<\/div>\n\t\t\t\t\t<\/div>\n\t\t\t\t<\/div>\n\t\t<div class=\"elementor-element elementor-element-6107d58 e-flex e-con-boxed e-con e-parent\" data-id=\"6107d58\" data-element_type=\"container\" data-e-type=\"container\">\n\t\t\t\t\t<div class=\"e-con-inner\">\n\t\t\t\t<div class=\"elementor-element elementor-element-b4f9d92 elementor-widget elementor-widget-heading\" data-id=\"b4f9d92\" data-element_type=\"widget\" data-e-type=\"widget\" data-widget_type=\"heading.default\">\n\t\t\t\t<div class=\"elementor-widget-container\">\n\t\t\t\t\t<h3 class=\"elementor-heading-title elementor-size-default\">Ein Interview mit Niko<\/h3>\t\t\t\t<\/div>\n\t\t\t\t<\/div>\n\t\t\t\t<div class=\"elementor-element elementor-element-0f50750 elementor-widget elementor-widget-text-editor\" data-id=\"0f50750\" data-element_type=\"widget\" data-e-type=\"widget\" data-widget_type=\"text-editor.default\">\n\t\t\t\t<div class=\"elementor-widget-container\">\n\t\t\t\t\t\t\t\t\t<p><strong>Was sind deine Kompetenzen?<\/strong><span data-ccp-props=\"{&quot;201341983&quot;:0,&quot;335559739&quot;:160,&quot;335559740&quot;:259}\">&nbsp;<\/span><\/p>\n<p><span class=\"ui-provider a b c d e f g h i j k l m n o p q r s t u v w x y z ab ac ae af ag ah ai aj ak\" dir=\"ltr\">Komplexe Probleme anzugehen. Im IT-Segment immer auf Seite des Fachbereichs, mit einer relativ pragmatischen Art und kritischem Hinterfragen Bestehendes zu \u00e4ndern, Bestehendes neu zu denken, Probleme fr\u00fchzeitig aufzudecken und L\u00f6sungsans\u00e4tze, die ich auch rechts und links neben meiner Arbeit sehe, proaktiv in den Projektalltag zur\u00fcckflie\u00dfen zu lassen. Mein Mindset ist alles Bestehende kontinuierlich weiterentwickeln zu wollen. Ich diskutiere gerne offen \u00fcber Fehler, und versuche dem Team eine Fehlerkultur vorzuleben, in der man gemeinsam versucht, immer das Bestm\u00f6gliche aus der Situation und aus allen Widrigkeiten zu machen.<\/span><\/p>\n<p><strong>Was sind deine Fokusthemen?<\/strong><\/p>\n<p><span class=\"ui-provider a b c d e f g h i j k l m n o p q r s t u v w x y z ab ac ae af ag ah ai aj ak\" dir=\"ltr\">Sicherlich das Anforderungsmanagement und das Rollout-Management. Das mache ich schon seit 10 Jahren auf verschiedenste Art und Weise. Ganz klassisch ein Wasserfall-Lastenheft in sehr starren Strukturen abzuarbeiten bis hin in die agile Welt, zum Beispiel als Scrum Product Owner User Storys zu schreiben.<br>Fertig entwickelte Software termingerecht zum Kunden zu bringen, sowie Anforderungen zu analysieren und umzusetzen damit sie bestm\u00f6glich genutzt werden k\u00f6nnen geh\u00f6rt ebenfalls zu meinen Fokusthemen.<br>Meine T\u00e4tigkeiten sind immer sehr IT-nah, aber trotzdem auch immer Teil des Fachbereichs.<\/span><\/p>\n<p><strong>Was hat Dich dazu bewogen eine Karriere im Management anzustreben?&nbsp;<\/strong><\/p>\n<p>Das war nie von mir forciert.&nbsp;Privat haben meine Frau und ich eine relativ klassische Rollenaufteilung. Sie k\u00fcmmert sich um alles was unsere drei Kinder betrifft, und ich habe das gro\u00dfe Gl\u00fcck mich auf die Arbeit konzentrieren zu k\u00f6nnen. Ich habe mir einfach immer die n\u00e4chste Herausforderung gesucht, L\u00fccken die sich aufgetan haben besetzt, und im Nachhinein hat sich das durch eine Karriere ausgezahlt.&nbsp;Es hat sich einfach so entwickelt.<\/p>\n<p>An einem Punkt angekommen zu sein, an dem ich Mitarbeiter f\u00fchren und Menschen entwickeln darf f\u00fchlt sich gut an. Ich m\u00f6chte Menschen in die Lage versetzen beruflich das Beste aus sich herausholen zu k\u00f6nnen, denn am Ende des Tages ist es wichtig, mit dem was man tut zufrieden zu sein.<\/p>\n<p><strong>Was ist deine Vision f\u00fcr Opereon?&nbsp;<\/strong><\/p>\n<p>Mein Ziel ist es eine leistungsf\u00e4hige Organisation aus Fachexperten, die sich voll auf ihr Projekt committen und dem Kunden Mehrwert schaffen und gleichzeitig aber auch fest in der Firma verankert sind, aufzubauen. Daf\u00fcr m\u00fcssen wir motivierte und qualifizierte Mitarbeiter finden und sie langfristig bei Opereon gl\u00fccklich machen, um f\u00fcr unsere Kunden IT-Projekte effektiv umsetzen zu k\u00f6nnen.<\/p>\n<p><strong>Was sch\u00e4tzen\/m\u00f6gen deine Mitarbeiter an dir?<\/strong><span data-ccp-props=\"{&quot;201341983&quot;:0,&quot;335559739&quot;:160,&quot;335559740&quot;:259}\">&nbsp;<\/span><\/p>\n<p>Gute Frage. Ich hoffe, dass sie sich auf meine Ehrlichkeit verlassen, und dass wir gemeinsam auch in manchmal unw\u00e4gbaren Situationen pragmatische L\u00f6sungen finden k\u00f6nnen und am Ende des Tages alle zufrieden sind.<\/p>\n<p>Ich m\u00f6chte meinen Mitarbeitern vermitteln das sich langfristiges Engagement lohnt, und das mir eine vertrauensvolle, offene Zusammenarbeit miteinander sehr wichtig ist.&nbsp;<\/p>\n<p><strong>Was gef\u00e4llt dir besonders an Opereon? \/ Wie m\u00f6chtest du Opereon entwickeln?&nbsp;<\/strong><\/p>\n<p><span class=\"ui-provider a b c d e f g h i j k l m n o p q r s t u v w x y z ab ac ae af ag ah ai aj ak\" dir=\"ltr\">Mir gefallen die neuen Herausforderungen, die sich mir stellen. Mein pers\u00f6nlicher Fokus verschiebt sich durch Opereon viel eher auf vertriebliche Themen, und um in die hineinzukommen und die Firma weiterzuentwickeln muss ich auch mal \u00fcber meinen eigenen Schatten springen.&nbsp;<\/span><\/p>\n<p><strong>Was gibt es an pers\u00f6nlichen Themen bei dir die deine Mitarbeiter interessieren k\u00f6nnten?<\/strong><\/p>\n<p><span class=\"ui-provider a b c d e f g h i j k l m n o p q r s t u v w x y z ab ac ae af ag ah ai aj ak\" dir=\"ltr\">Ich f\u00fchre ein relativ normales, bodenst\u00e4ndiges Leben. Meine freie Zeit am Ende des Tages verbringe ich am liebsten mit meiner Familie. Ich habe gerade ein Haus gekauft, und vor Kurzem ist mein dritter Sohn zur Welt gekommen.<\/span><\/p>\n<p><strong>Hast du ein Hobby?<\/strong><\/p>\n<p><span class=\"ui-provider a b c d e f g h i j k l m n o p q r s t u v w x y z ab ac ae af ag ah ai aj ak\" dir=\"ltr\">Fr\u00fcher war ich gerne Paragliden, doch nach der Geburt meines ersten Kindes wurde mir das aus Risikogr\u00fcnden verboten. Jetzt trifft man mich noch auf der Skipiste, bei Gesellschaftsspielen, oder in leckeren Restaurants.&nbsp;Am Wochenende koche ich sehr gerne, und wenn ich die Zeit dazu habe am liebsten aufw\u00e4ndig mit viel Mise en place, daher freue ich mich schon auf meine neue K\u00fcche mit mehr Arbeitsfl\u00e4che.<\/span><\/p>\t\t\t\t\t\t\t\t<\/div>\n\t\t\t\t<\/div>\n\t\t\t\t<div class=\"elementor-element elementor-element-a91daaa elementor-widget elementor-widget-spacer\" data-id=\"a91daaa\" data-element_type=\"widget\" data-e-type=\"widget\" data-widget_type=\"spacer.default\">\n\t\t\t\t<div class=\"elementor-widget-container\">\n\t\t\t\t\t\t\t<div class=\"elementor-spacer\">\n\t\t\t<div class=\"elementor-spacer-inner\"><\/div>\n\t\t<\/div>\n\t\t\t\t\t\t<\/div>\n\t\t\t\t<\/div>\n\t\t\t\t\t<\/div>\n\t\t\t\t<\/div>\n\t\t\t\t<\/div>\n\t\t","protected":false},"excerpt":{"rendered":"<p>Unser Management Stefan Grabatin und Nikolaus Weber: Das Management im Interview! Stefan Grabatin &#8211; Gesch\u00e4ftsf\u00fchrer Stefan unterst\u00fctzt seit 2002 IT-Projekte und studierte Informatik in Karlsruhe. Seit Anfang 2014 ist er als Berater f\u00fcr die Consileon-Gruppe t\u00e4tig. \u200b In den letzten Jahren betreute er unter anderem als Projektleiter einen weltweiten Website-Rollout, verantwortete als Product Owner eine [&hellip;]<\/p>\n","protected":false},"author":6,"featured_media":0,"parent":0,"menu_order":0,"comment_status":"closed","ping_status":"closed","template":"","meta":{"footnotes":""},"class_list":["post-1920","page","type-page","status-publish","hentry"],"_links":{"self":[{"href":"https:\/\/www.opereon.de\/index.php\/wp-json\/wp\/v2\/pages\/1920","targetHints":{"allow":["GET"]}}],"collection":[{"href":"https:\/\/www.opereon.de\/index.php\/wp-json\/wp\/v2\/pages"}],"about":[{"href":"https:\/\/www.opereon.de\/index.php\/wp-json\/wp\/v2\/types\/page"}],"author":[{"embeddable":true,"href":"https:\/\/www.opereon.de\/index.php\/wp-json\/wp\/v2\/users\/6"}],"replies":[{"embeddable":true,"href":"https:\/\/www.opereon.de\/index.php\/wp-json\/wp\/v2\/comments?post=1920"}],"version-history":[{"count":70,"href":"https:\/\/www.opereon.de\/index.php\/wp-json\/wp\/v2\/pages\/1920\/revisions"}],"predecessor-version":[{"id":4430,"href":"https:\/\/www.opereon.de\/index.php\/wp-json\/wp\/v2\/pages\/1920\/revisions\/4430"}],"wp:attachment":[{"href":"https:\/\/www.opereon.de\/index.php\/wp-json\/wp\/v2\/media?parent=1920"}],"curies":[{"name":"wp","href":"https:\/\/api.w.org\/{rel}","templated":true}]}}