{"id":1988,"date":"2024-07-01T14:17:26","date_gmt":"2024-07-01T14:17:26","guid":{"rendered":"https:\/\/www.opereon.de\/?page_id=1988"},"modified":"2024-09-16T19:28:22","modified_gmt":"2024-09-16T19:28:22","slug":"unsere-services","status":"publish","type":"page","link":"https:\/\/www.opereon.de\/index.php\/unsere-services\/","title":{"rendered":"Unsere Services"},"content":{"rendered":"\t\t<div data-elementor-type=\"wp-page\" data-elementor-id=\"1988\" class=\"elementor elementor-1988\" data-elementor-post-type=\"page\">\n\t\t\t\t<div class=\"elementor-element elementor-element-559b666 e-flex e-con-boxed e-con e-parent\" data-id=\"559b666\" data-element_type=\"container\" data-e-type=\"container\">\n\t\t\t\t\t<div class=\"e-con-inner\">\n\t\t<div class=\"elementor-element elementor-element-669230c e-con-full e-flex e-con e-child\" data-id=\"669230c\" data-element_type=\"container\" data-e-type=\"container\">\n\t\t<div class=\"elementor-element elementor-element-36a54b9 e-con-full e-flex e-con e-child\" data-id=\"36a54b9\" data-element_type=\"container\" data-e-type=\"container\">\n\t\t\t\t<div class=\"elementor-element elementor-element-ce6047e elementor-widget elementor-widget-heading\" data-id=\"ce6047e\" data-element_type=\"widget\" data-e-type=\"widget\" data-widget_type=\"heading.default\">\n\t\t\t\t<div class=\"elementor-widget-container\">\n\t\t\t\t\t<h2 class=\"elementor-heading-title elementor-size-default\">Unsere Services<\/h2>\t\t\t\t<\/div>\n\t\t\t\t<\/div>\n\t\t\t\t<div class=\"elementor-element elementor-element-01e9749 elementor-widget elementor-widget-text-editor\" data-id=\"01e9749\" data-element_type=\"widget\" data-e-type=\"widget\" data-widget_type=\"text-editor.default\">\n\t\t\t\t<div class=\"elementor-widget-container\">\n\t\t\t\t\t\t\t\t\t<p>Bei Opereon bieten wir Ihnen ein breit gef\u00e4chertes Spektrum an Dienstleistungen, das auf die Bed\u00fcrfnisse moderner Unternehmen zugeschnitten ist. Unsere Expertise erstreckt sich \u00fcber die vier zentralen S\u00e4ulen Projektmanagement &amp; Agilit\u00e4t, IT-Beratung &amp; IT-Sicherheit, Data &amp; Operations sowie Development &amp; Testing. Jede dieser S\u00e4ulen ist darauf ausgelegt, Ihnen ma\u00dfgeschneiderte L\u00f6sungen zu bieten, die Effizienz, Sicherheit und Innovation f\u00f6rdern. Vertrauen Sie auf Opereon, um Ihre Gesch\u00e4ftsprozesse zu optimieren und Ihre Projekte erfolgreich zu realisieren.<\/p>\t\t\t\t\t\t\t\t<\/div>\n\t\t\t\t<\/div>\n\t\t\t\t<\/div>\n\t\t\t\t<\/div>\n\t\t<div class=\"elementor-element elementor-element-6ba6256 e-con-full e-flex e-con e-child\" data-id=\"6ba6256\" data-element_type=\"container\" data-e-type=\"container\">\n\t\t<div class=\"elementor-element elementor-element-b195200 e-con-full e-flex e-con e-child\" data-id=\"b195200\" data-element_type=\"container\" data-e-type=\"container\">\n\t\t<a class=\"elementor-element elementor-element-79a7848 e-con-full e-flex e-con e-child\" data-id=\"79a7848\" data-element_type=\"container\" data-e-type=\"container\" href=\"https:\/\/www.opereon.de\/index.php\/services-projektmanagement\/\">\n\t\t\t\t<div class=\"elementor-element elementor-element-69338d0 elementor-widget elementor-widget-heading\" data-id=\"69338d0\" data-element_type=\"widget\" data-e-type=\"widget\" data-widget_type=\"heading.default\">\n\t\t\t\t<div class=\"elementor-widget-container\">\n\t\t\t\t\t<h3 class=\"elementor-heading-title elementor-size-default\">Projekt-management &amp; Agilit\u00e4t<\/h3>\t\t\t\t<\/div>\n\t\t\t\t<\/div>\n\t\t\t\t<div class=\"elementor-element elementor-element-ab27710 elementor-widget elementor-widget-text-editor\" data-id=\"ab27710\" data-element_type=\"widget\" data-e-type=\"widget\" data-widget_type=\"text-editor.default\">\n\t\t\t\t<div class=\"elementor-widget-container\">\n\t\t\t\t\t\t\t\t\t<p>Unsere umfassenden Projektmanagement-Services bei Opereon sind darauf ausgerichtet, Ihre Projekte effizient und erfolgreich zu steuern. Wir begleiten Sie durch alle Phasen \u2013 von der ersten Planung \u00fcber die Umsetzung bis zum erfolgreichen Abschluss. Mit unserer Expertise und bew\u00e4hrten Methoden stellen wir sicher, dass Ihre Projekte termingerecht, innerhalb des Budgets und in h\u00f6chster Qualit\u00e4t realisiert werden. Vertrauen Sie auf Opereon f\u00fcr nachhaltige und zukunftssichere Projektergebnisse.<\/p>\t\t\t\t\t\t\t\t<\/div>\n\t\t\t\t<\/div>\n\t\t\t\t<\/a>\n\t\t<a class=\"elementor-element elementor-element-9853d8b e-con-full e-flex e-con e-child\" data-id=\"9853d8b\" data-element_type=\"container\" data-e-type=\"container\" href=\"https:\/\/www.opereon.de\/index.php\/services-prozessmanagement-it-beratung\/\">\n\t\t\t\t<div class=\"elementor-element elementor-element-c065e15 elementor-widget elementor-widget-heading\" data-id=\"c065e15\" data-element_type=\"widget\" data-e-type=\"widget\" data-widget_type=\"heading.default\">\n\t\t\t\t<div class=\"elementor-widget-container\">\n\t\t\t\t\t<h3 class=\"elementor-heading-title elementor-size-default\">IT-Beratung &amp; IT-Sicherheit<\/h3>\t\t\t\t<\/div>\n\t\t\t\t<\/div>\n\t\t\t\t<div class=\"elementor-element elementor-element-dd02f90 elementor-widget elementor-widget-text-editor\" data-id=\"dd02f90\" data-element_type=\"widget\" data-e-type=\"widget\" data-widget_type=\"text-editor.default\">\n\t\t\t\t<div class=\"elementor-widget-container\">\n\t\t\t\t\t\t\t\t\t<p>Bei Opereon bieten wir spezialisierte Prozessmanagement- und IT-Beratungsservices an, die darauf abzielen, Ihre Gesch\u00e4ftsprozesse zu optimieren und Ihre IT-Infrastruktur zu st\u00e4rken. Unser erfahrenes Team analysiert Ihre bestehenden Abl\u00e4ufe und entwickelt ma\u00dfgeschneiderte L\u00f6sungen, die Effizienz und Produktivit\u00e4t steigern. Durch innovative IT-Beratung unterst\u00fctzen wir Sie dabei, technologische Herausforderungen zu meistern und Ihre Systeme zukunftssicher zu gestalten. Vertrauen Sie auf Opereon, um Ihre Prozesse und IT-Strategien auf das n\u00e4chste Level zu heben.<\/p>\t\t\t\t\t\t\t\t<\/div>\n\t\t\t\t<\/div>\n\t\t\t\t<\/a>\n\t\t<a class=\"elementor-element elementor-element-81c24f7 e-con-full e-flex e-con e-child\" data-id=\"81c24f7\" data-element_type=\"container\" data-e-type=\"container\" href=\"https:\/\/www.opereon.de\/index.php\/services-data-operations\/\">\n\t\t\t\t<div class=\"elementor-element elementor-element-2fa3665 elementor-widget elementor-widget-heading\" data-id=\"2fa3665\" data-element_type=\"widget\" data-e-type=\"widget\" data-widget_type=\"heading.default\">\n\t\t\t\t<div class=\"elementor-widget-container\">\n\t\t\t\t\t<h3 class=\"elementor-heading-title elementor-size-default\">Data &amp; Operations<\/h3>\t\t\t\t<\/div>\n\t\t\t\t<\/div>\n\t\t\t\t<div class=\"elementor-element elementor-element-23062b8 elementor-widget elementor-widget-text-editor\" data-id=\"23062b8\" data-element_type=\"widget\" data-e-type=\"widget\" data-widget_type=\"text-editor.default\">\n\t\t\t\t<div class=\"elementor-widget-container\">\n\t\t\t\t\t\t\t\t\t<p>Unsere Data Operations-Services bei Opereon konzentrieren sich darauf, Ihre Daten effizient zu verwalten und optimal zu nutzen. Wir bieten umfassende L\u00f6sungen f\u00fcr die Datenerfassung, -verarbeitung und -analyse, um Ihnen wertvolle Einblicke und Entscheidungsgrundlagen zu liefern. Mit modernsten Technologien und bew\u00e4hrten Methoden gew\u00e4hrleisten wir die Sicherheit und Integrit\u00e4t Ihrer Daten. Vertrauen Sie auf Opereon, um Ihre Datenlandschaft zukunftssicher und leistungsf\u00e4hig zu gestalten.<\/p>\t\t\t\t\t\t\t\t<\/div>\n\t\t\t\t<\/div>\n\t\t\t\t<\/a>\n\t\t<a class=\"elementor-element elementor-element-e3f4c90 e-con-full e-flex e-con e-child\" data-id=\"e3f4c90\" data-element_type=\"container\" data-e-type=\"container\" href=\"https:\/\/www.opereon.de\/index.php\/services-development-testing\/\">\n\t\t\t\t<div class=\"elementor-element elementor-element-71cc24a elementor-widget elementor-widget-heading\" data-id=\"71cc24a\" data-element_type=\"widget\" data-e-type=\"widget\" data-widget_type=\"heading.default\">\n\t\t\t\t<div class=\"elementor-widget-container\">\n\t\t\t\t\t<h3 class=\"elementor-heading-title elementor-size-default\">Development &amp; Testing<\/h3>\t\t\t\t<\/div>\n\t\t\t\t<\/div>\n\t\t\t\t<div class=\"elementor-element elementor-element-5bb15d4 elementor-widget elementor-widget-text-editor\" data-id=\"5bb15d4\" data-element_type=\"widget\" data-e-type=\"widget\" data-widget_type=\"text-editor.default\">\n\t\t\t\t<div class=\"elementor-widget-container\">\n\t\t\t\t\t\t\t\t\t<p>Unsere Development- und Testing-Services bei Opereon sind darauf ausgelegt, die Entwicklung und Qualit\u00e4t Ihrer Softwarel\u00f6sungen zu optimieren. Wir bieten ma\u00dfgeschneiderte Entwicklungsdienstleistungen, die auf Ihre spezifischen Anforderungen zugeschnitten sind, sowie umfassende Teststrategien, um sicherzustellen, dass Ihre Anwendungen reibungslos und fehlerfrei funktionieren. Mit unserer Expertise und modernsten Tools begleiten wir Sie durch den gesamten Entwicklungszyklus \u2013 von der Konzeption bis zur Implementierung und dar\u00fcber hinaus. Vertrauen Sie auf Opereon f\u00fcr innovative und zuverl\u00e4ssige Softwarel\u00f6sungen.<\/p>\t\t\t\t\t\t\t\t<\/div>\n\t\t\t\t<\/div>\n\t\t\t\t<\/a>\n\t\t\t\t<\/div>\n\t\t\t\t<\/div>\n\t\t<div class=\"elementor-element elementor-element-9f5d06b e-con-full e-flex e-con e-child\" data-id=\"9f5d06b\" data-element_type=\"container\" data-e-type=\"container\">\n\t\t\t\t<\/div>\n\t\t\t\t\t<\/div>\n\t\t\t\t<\/div>\n\t\t\t\t<\/div>\n\t\t","protected":false},"excerpt":{"rendered":"<p>Unsere Services Bei Opereon bieten wir Ihnen ein breit gef\u00e4chertes Spektrum an Dienstleistungen, das auf die Bed\u00fcrfnisse moderner Unternehmen zugeschnitten ist. Unsere Expertise erstreckt sich \u00fcber die vier zentralen S\u00e4ulen Projektmanagement &amp; Agilit\u00e4t, IT-Beratung &amp; IT-Sicherheit, Data &amp; Operations sowie Development &amp; Testing. Jede dieser S\u00e4ulen ist darauf ausgelegt, Ihnen ma\u00dfgeschneiderte L\u00f6sungen zu bieten, die [&hellip;]<\/p>\n","protected":false},"author":9,"featured_media":0,"parent":0,"menu_order":0,"comment_status":"closed","ping_status":"closed","template":"","meta":{"footnotes":""},"class_list":["post-1988","page","type-page","status-publish","hentry"],"_links":{"self":[{"href":"https:\/\/www.opereon.de\/index.php\/wp-json\/wp\/v2\/pages\/1988","targetHints":{"allow":["GET"]}}],"collection":[{"href":"https:\/\/www.opereon.de\/index.php\/wp-json\/wp\/v2\/pages"}],"about":[{"href":"https:\/\/www.opereon.de\/index.php\/wp-json\/wp\/v2\/types\/page"}],"author":[{"embeddable":true,"href":"https:\/\/www.opereon.de\/index.php\/wp-json\/wp\/v2\/users\/9"}],"replies":[{"embeddable":true,"href":"https:\/\/www.opereon.de\/index.php\/wp-json\/wp\/v2\/comments?post=1988"}],"version-history":[{"count":26,"href":"https:\/\/www.opereon.de\/index.php\/wp-json\/wp\/v2\/pages\/1988\/revisions"}],"predecessor-version":[{"id":2014,"href":"https:\/\/www.opereon.de\/index.php\/wp-json\/wp\/v2\/pages\/1988\/revisions\/2014"}],"wp:attachment":[{"href":"https:\/\/www.opereon.de\/index.php\/wp-json\/wp\/v2\/media?parent=1988"}],"curies":[{"name":"wp","href":"https:\/\/api.w.org\/{rel}","templated":true}]}}