{"id":3503,"date":"2025-02-07T15:22:13","date_gmt":"2025-02-07T15:22:13","guid":{"rendered":"https:\/\/www.opereon.de\/?page_id=3503"},"modified":"2025-06-30T14:01:59","modified_gmt":"2025-06-30T14:01:59","slug":"barrierefreiheit","status":"publish","type":"page","link":"https:\/\/www.opereon.de\/index.php\/barrierefreiheit\/","title":{"rendered":"Barrierefreiheit"},"content":{"rendered":"\t\t<div data-elementor-type=\"wp-page\" data-elementor-id=\"3503\" class=\"elementor elementor-3503\" data-elementor-post-type=\"page\">\n\t\t\t\t<div class=\"elementor-element elementor-element-bf99533 e-flex e-con-boxed e-con e-parent\" data-id=\"bf99533\" data-element_type=\"container\" data-e-type=\"container\">\n\t\t\t\t\t<div class=\"e-con-inner\">\n\t\t\t\t<div class=\"elementor-element elementor-element-0a27da6 elementor-widget elementor-widget-spacer\" data-id=\"0a27da6\" data-element_type=\"widget\" data-e-type=\"widget\" data-widget_type=\"spacer.default\">\n\t\t\t\t<div class=\"elementor-widget-container\">\n\t\t\t\t\t\t\t<div class=\"elementor-spacer\">\n\t\t\t<div class=\"elementor-spacer-inner\"><\/div>\n\t\t<\/div>\n\t\t\t\t\t\t<\/div>\n\t\t\t\t<\/div>\n\t\t\t\t<div class=\"elementor-element elementor-element-3fa38b1 elementor-widget elementor-widget-heading\" data-id=\"3fa38b1\" data-element_type=\"widget\" data-e-type=\"widget\" data-widget_type=\"heading.default\">\n\t\t\t\t<div class=\"elementor-widget-container\">\n\t\t\t\t\t<h1 class=\"elementor-heading-title elementor-size-default\">Barrierefreiheit<\/h1>\t\t\t\t<\/div>\n\t\t\t\t<\/div>\n\t\t\t\t<div class=\"elementor-element elementor-element-1e60fa8 elementor-widget elementor-widget-text-editor\" data-id=\"1e60fa8\" data-element_type=\"widget\" data-e-type=\"widget\" data-widget_type=\"text-editor.default\">\n\t\t\t\t<div class=\"elementor-widget-container\">\n\t\t\t\t\t\t\t\t\t<h3><span style=\"font-size: 28px;\">Einleitung\u00a0<\/span><\/h3><div>Unser Unternehmen ist bestrebt, seine digitalen Angebote im Einklang mit dem European Accessibility Act (EAA) barrierefrei zug\u00e4nglich zu machen. Wir setzen uns daf\u00fcr ein, dass unsere Website f\u00fcr alle Nutzerinnen und Nutzer \u2013 unabh\u00e4ngig von individuellen Einschr\u00e4nkungen oder Bed\u00fcrfnissen \u2013 einfach zug\u00e4nglich und nutzbar ist.<\/div><h3 data-pm-slice=\"1 1 []\">Stand der Vereinbarkeit mit den Anforderungen<\/h3><p class=\"my-0\">Die Zug\u00e4nglichkeit unserer Website wurde umfassend mit dem anerkannten Tool\u00a0<strong>Silktide<\/strong>\u00a0gepr\u00fcft. Im Rahmen dieses Screenings hat unsere Website die \u00dcberpr\u00fcfung erfolgreich bestanden und erf\u00fcllt somit die wesentlichen Anforderungen des European Accessibility Act sowie die Richtlinien f\u00fcr barrierefreie Webinhalte (WCAG 2.1).<\/p><p class=\"my-0\">Wir verstehen Barrierefreiheit als fortlaufenden Prozess und \u00fcberpr\u00fcfen unsere digitalen Angebote regelm\u00e4\u00dfig, um die Einhaltung gesetzlicher Vorgaben sicherzustellen und kontinuierlich Verbesserungen vorzunehmen.<\/p><h3 data-pm-slice=\"1 1 []\">Nicht barrierefreie Inhalte<\/h3><p class=\"my-0\">Trotz unserer umfassenden Bem\u00fchungen und der bestandenen Pr\u00fcfung mit Silktide kann es vorkommen, dass einzelne Inhalte noch nicht vollst\u00e4ndig barrierefrei sind. Dazu z\u00e4hlen beispielsweise:<\/p><ul class=\"marker:text-textOff list-disc\"><li><p class=\"my-0\">PDFs oder andere Dokumente, die nicht in einem barrierefreien Format vorliegen<\/p><\/li><li><p class=\"my-0\">Eingebettete Drittanbieter-Inhalte, deren Barrierefreiheit wir nicht vollst\u00e4ndig beeinflussen k\u00f6nnen<\/p><\/li><li><p class=\"my-0\">Vereinzelt interaktive Funktionen, die noch weiter optimiert werden m\u00fcssen<\/p><\/li><\/ul><p class=\"my-0\">Wir arbeiten kontinuierlich daran, auch diese Bereiche in zuk\u00fcnftigen Updates zu verbessern.<\/p><h3 data-pm-slice=\"1 1 []\">Kontakt und Feedback<\/h3><p class=\"my-0\">Sollten Ihnen Barrieren auf unserer Website auffallen oder ben\u00f6tigen Sie Inhalte in einem anderen Format, kontaktieren Sie uns bitte:<\/p><p class=\"my-0\"><strong>Opereon Consulting GmbH<\/strong><br \/>Maximilianstra\u00dfe 5<br \/>76133 Karlsruhe<br \/>Telefon: +49 721 619016 80<br \/>Fax: +49 721 35460-89<br \/>E-Mail:\u00a0<a class=\"break-word hover:text-super hover:decoration-super underline decoration-from-font underline-offset-1 transition-all duration-300\" href=\"mailto:info@opereon.de\" target=\"_blank\" rel=\"nofollow noopener\">info@opereon.de<\/a><\/p><p class=\"my-0\">Wir pr\u00fcfen Ihr Anliegen sorgf\u00e4ltig und geben Ihnen schnellstm\u00f6glich eine R\u00fcckmeldung.<\/p><h3 data-pm-slice=\"1 1 []\">Aktualisierung der Erkl\u00e4rung<\/h3><p class=\"my-0\">Diese Erkl\u00e4rung wurde zuletzt aktualisiert am: 30.06.2025. Wir werden sie regelm\u00e4\u00dfig \u00fcberpr\u00fcfen und an neue gesetzliche sowie technische Anforderungen anpassen.<\/p>\t\t\t\t\t\t\t\t<\/div>\n\t\t\t\t<\/div>\n\t\t\t\t\t<\/div>\n\t\t\t\t<\/div>\n\t\t\t\t<\/div>\n\t\t","protected":false},"excerpt":{"rendered":"<p>Barrierefreiheit Einleitung\u00a0 Unser Unternehmen ist bestrebt, seine digitalen Angebote im Einklang mit dem European Accessibility Act (EAA) barrierefrei zug\u00e4nglich zu machen. Wir setzen uns daf\u00fcr ein, dass unsere Website f\u00fcr alle Nutzerinnen und Nutzer \u2013 unabh\u00e4ngig von individuellen Einschr\u00e4nkungen oder Bed\u00fcrfnissen \u2013 einfach zug\u00e4nglich und nutzbar ist. Stand der Vereinbarkeit mit den Anforderungen Die Zug\u00e4nglichkeit [&hellip;]<\/p>\n","protected":false},"author":9,"featured_media":0,"parent":0,"menu_order":0,"comment_status":"closed","ping_status":"closed","template":"","meta":{"footnotes":""},"class_list":["post-3503","page","type-page","status-publish","hentry"],"_links":{"self":[{"href":"https:\/\/www.opereon.de\/index.php\/wp-json\/wp\/v2\/pages\/3503","targetHints":{"allow":["GET"]}}],"collection":[{"href":"https:\/\/www.opereon.de\/index.php\/wp-json\/wp\/v2\/pages"}],"about":[{"href":"https:\/\/www.opereon.de\/index.php\/wp-json\/wp\/v2\/types\/page"}],"author":[{"embeddable":true,"href":"https:\/\/www.opereon.de\/index.php\/wp-json\/wp\/v2\/users\/9"}],"replies":[{"embeddable":true,"href":"https:\/\/www.opereon.de\/index.php\/wp-json\/wp\/v2\/comments?post=3503"}],"version-history":[{"count":15,"href":"https:\/\/www.opereon.de\/index.php\/wp-json\/wp\/v2\/pages\/3503\/revisions"}],"predecessor-version":[{"id":4280,"href":"https:\/\/www.opereon.de\/index.php\/wp-json\/wp\/v2\/pages\/3503\/revisions\/4280"}],"wp:attachment":[{"href":"https:\/\/www.opereon.de\/index.php\/wp-json\/wp\/v2\/media?parent=3503"}],"curies":[{"name":"wp","href":"https:\/\/api.w.org\/{rel}","templated":true}]}}