{"id":3712,"date":"2025-03-26T10:26:12","date_gmt":"2025-03-26T10:26:12","guid":{"rendered":"https:\/\/www.opereon.de\/?page_id=3712"},"modified":"2025-04-29T13:49:11","modified_gmt":"2025-04-29T13:49:11","slug":"optimierung-trifft-auf-innovation","status":"publish","type":"page","link":"https:\/\/www.opereon.de\/index.php\/optimierung-trifft-auf-innovation\/","title":{"rendered":"Optimierung trifft auf Innovation"},"content":{"rendered":"\t\t<div data-elementor-type=\"wp-page\" data-elementor-id=\"3712\" class=\"elementor elementor-3712\" data-elementor-post-type=\"page\">\n\t\t\t\t<div class=\"elementor-element elementor-element-1a818a7 e-flex e-con-boxed e-con e-parent\" data-id=\"1a818a7\" data-element_type=\"container\" data-e-type=\"container\">\n\t\t\t\t\t<div class=\"e-con-inner\">\n\t\t\t\t<div class=\"elementor-element elementor-element-0f4325e elementor-widget elementor-widget-spacer\" data-id=\"0f4325e\" data-element_type=\"widget\" data-e-type=\"widget\" data-widget_type=\"spacer.default\">\n\t\t\t\t<div class=\"elementor-widget-container\">\n\t\t\t\t\t\t\t<div class=\"elementor-spacer\">\n\t\t\t<div class=\"elementor-spacer-inner\"><\/div>\n\t\t<\/div>\n\t\t\t\t\t\t<\/div>\n\t\t\t\t<\/div>\n\t\t\t\t<div class=\"elementor-element elementor-element-afb66a8 elementor-widget elementor-widget-heading\" data-id=\"afb66a8\" data-element_type=\"widget\" data-e-type=\"widget\" data-widget_type=\"heading.default\">\n\t\t\t\t<div class=\"elementor-widget-container\">\n\t\t\t\t\t<h1 class=\"elementor-heading-title elementor-size-default\">Optimierung trifft auf Innovation<\/h1>\t\t\t\t<\/div>\n\t\t\t\t<\/div>\n\t\t\t\t<div class=\"elementor-element elementor-element-7062f97 elementor-widget elementor-widget-heading\" data-id=\"7062f97\" data-element_type=\"widget\" data-e-type=\"widget\" data-widget_type=\"heading.default\">\n\t\t\t\t<div class=\"elementor-widget-container\">\n\t\t\t\t\t<h3 class=\"elementor-heading-title elementor-size-default\">Digitale Prozesse effizient und \nzukunftssicher gestalten<\/h3>\t\t\t\t<\/div>\n\t\t\t\t<\/div>\n\t\t<div class=\"elementor-element elementor-element-33975be e-con-full e-flex e-con e-child\" data-id=\"33975be\" data-element_type=\"container\" data-e-type=\"container\">\n\t\t\t\t<div class=\"elementor-element elementor-element-644d9cd elementor-widget__width-initial elementor-hidden-tablet elementor-hidden-mobile elementor-widget elementor-widget-image\" data-id=\"644d9cd\" data-element_type=\"widget\" data-e-type=\"widget\" data-widget_type=\"image.default\">\n\t\t\t\t<div class=\"elementor-widget-container\">\n\t\t\t\t\t\t\t\t\t\t\t\t\t\t\t<img fetchpriority=\"high\" decoding=\"async\" width=\"1280\" height=\"853\" src=\"https:\/\/www.opereon.de\/wp-content\/uploads\/2025\/03\/files-4440841_1280.jpg\" class=\"attachment-1536x1536 size-1536x1536 wp-image-3663\" alt=\"\" srcset=\"https:\/\/www.opereon.de\/wp-content\/uploads\/2025\/03\/files-4440841_1280.jpg 1280w, https:\/\/www.opereon.de\/wp-content\/uploads\/2025\/03\/files-4440841_1280-300x200.jpg 300w, https:\/\/www.opereon.de\/wp-content\/uploads\/2025\/03\/files-4440841_1280-1024x682.jpg 1024w, https:\/\/www.opereon.de\/wp-content\/uploads\/2025\/03\/files-4440841_1280-768x512.jpg 768w\" sizes=\"(max-width: 1280px) 100vw, 1280px\" \/>\t\t\t\t\t\t\t\t\t\t\t\t\t\t\t<\/div>\n\t\t\t\t<\/div>\n\t\t<div class=\"elementor-element elementor-element-d0f467b e-con-full e-flex e-con e-child\" data-id=\"d0f467b\" data-element_type=\"container\" data-e-type=\"container\">\n\t\t\t\t<div class=\"elementor-element elementor-element-f24f7b1 elementor-widget elementor-widget-heading\" data-id=\"f24f7b1\" data-element_type=\"widget\" data-e-type=\"widget\" data-widget_type=\"heading.default\">\n\t\t\t\t<div class=\"elementor-widget-container\">\n\t\t\t\t\t<h5 class=\"elementor-heading-title elementor-size-default\">Beschreibung<\/h5>\t\t\t\t<\/div>\n\t\t\t\t<\/div>\n\t\t\t\t<div class=\"elementor-element elementor-element-66f582f elementor-widget elementor-widget-text-editor\" data-id=\"66f582f\" data-element_type=\"widget\" data-e-type=\"widget\" data-widget_type=\"text-editor.default\">\n\t\t\t\t<div class=\"elementor-widget-container\">\n\t\t\t\t\t\t\t\t\t<p>Die Einf\u00fchrung neuer Softwarel\u00f6sungen stellt Beh\u00f6rden oft vor gro\u00dfe Herausforderungen \u2013 wir sorgen daf\u00fcr, dass der \u00dcbergang reibungslos verl\u00e4uft. In diesem Projekt begleiteten wir eine Bundesbeh\u00f6rde bei der Implementierung einer modernen Software- und Datenbankl\u00f6sung. Unser Fokus lag auf Prozessoptimierung, Change Management und der gezielten Unterst\u00fctzung der Fachabteilungen.<\/p>\t\t\t\t\t\t\t\t<\/div>\n\t\t\t\t<\/div>\n\t\t\t\t<\/div>\n\t\t\t\t<\/div>\n\t\t<div class=\"elementor-element elementor-element-fd98952 e-con-full e-flex e-con e-child\" data-id=\"fd98952\" data-element_type=\"container\" data-e-type=\"container\">\n\t\t<div class=\"elementor-element elementor-element-e067d1d e-con-full e-flex e-con e-child\" data-id=\"e067d1d\" data-element_type=\"container\" data-e-type=\"container\">\n\t\t\t\t<div class=\"elementor-element elementor-element-7982378 elementor-widget elementor-widget-heading\" data-id=\"7982378\" data-element_type=\"widget\" data-e-type=\"widget\" data-widget_type=\"heading.default\">\n\t\t\t\t<div class=\"elementor-widget-container\">\n\t\t\t\t\t<h5 class=\"elementor-heading-title elementor-size-default\">Zielsetzung<\/h5>\t\t\t\t<\/div>\n\t\t\t\t<\/div>\n\t\t\t\t<div class=\"elementor-element elementor-element-12c09d1 elementor-widget elementor-widget-text-editor\" data-id=\"12c09d1\" data-element_type=\"widget\" data-e-type=\"widget\" data-widget_type=\"text-editor.default\">\n\t\t\t\t<div class=\"elementor-widget-container\">\n\t\t\t\t\t\t\t\t\t<p>Unser Ziel war es, dass Sachbearbeitende ab Tag 1 effizient mit der neuen Software arbeiten k\u00f6nnen. Wir unterst\u00fctzten bei der optimalen Integration in bestehende Arbeitsabl\u00e4ufe und passten Gesch\u00e4ftsprozesse bei Bedarf an.<\/p>\t\t\t\t\t\t\t\t<\/div>\n\t\t\t\t<\/div>\n\t\t\t\t<\/div>\n\t\t<div class=\"elementor-element elementor-element-7e37f48 e-con-full e-flex e-con e-child\" data-id=\"7e37f48\" data-element_type=\"container\" data-e-type=\"container\">\n\t\t\t\t<div class=\"elementor-element elementor-element-39beb97 elementor-widget elementor-widget-heading\" data-id=\"39beb97\" data-element_type=\"widget\" data-e-type=\"widget\" data-widget_type=\"heading.default\">\n\t\t\t\t<div class=\"elementor-widget-container\">\n\t\t\t\t\t<h5 class=\"elementor-heading-title elementor-size-default\">Vorgehensweise<\/h5>\t\t\t\t<\/div>\n\t\t\t\t<\/div>\n\t\t\t\t<div class=\"elementor-element elementor-element-a82e2d4 elementor-widget elementor-widget-text-editor\" data-id=\"a82e2d4\" data-element_type=\"widget\" data-e-type=\"widget\" data-widget_type=\"text-editor.default\">\n\t\t\t\t<div class=\"elementor-widget-container\">\n\t\t\t\t\t\t\t\t\t<p><b><i>Analyse &amp; Vorbereitung<\/i><\/b><\/p><ul><li>Erfassung und Dokumentation bestehender Prozesse<\/li><li>Identifikation prozessualer Schnittstellen und Optimierungspotenziale<\/li><li>Ableitung gezielter Ma\u00dfnahmen aus Nachbarprojekten<\/li><\/ul>\t\t\t\t\t\t\t\t<\/div>\n\t\t\t\t<\/div>\n\t\t\t\t<div class=\"elementor-element elementor-element-0881924 elementor-widget elementor-widget-text-editor\" data-id=\"0881924\" data-element_type=\"widget\" data-e-type=\"widget\" data-widget_type=\"text-editor.default\">\n\t\t\t\t<div class=\"elementor-widget-container\">\n\t\t\t\t\t\t\t\t\t<p><b><i>Begleitung &amp; Schulung<\/i><\/b><\/p><ul><li>Praxisnahe Trainings f\u00fcr neue Abl\u00e4ufe und Funktionen<\/li><li>Webbasierte Schulungsmodule f\u00fcr flexible Wissensvermittlung<\/li><li>Einf\u00fchrung von Lean Six Sigma &amp; Change Management-Grundlagen<\/li><\/ul>\t\t\t\t\t\t\t\t<\/div>\n\t\t\t\t<\/div>\n\t\t\t\t<div class=\"elementor-element elementor-element-30463e1 elementor-widget elementor-widget-text-editor\" data-id=\"30463e1\" data-element_type=\"widget\" data-e-type=\"widget\" data-widget_type=\"text-editor.default\">\n\t\t\t\t<div class=\"elementor-widget-container\">\n\t\t\t\t\t\t\t\t\t<p><i style=\"font-weight: bold; text-align: var(--text-align);\">Nachhaltige Prozessoptimierung<\/i><strong><em>:<\/em><\/strong><\/p><ul><li>Unterst\u00fctzung beim Aufbau effektiver Prozesskennzahlen<\/li><li>Einf\u00fchrung effizienter Zielsysteme f\u00fcr kontinuierliche Verbesserungen<\/li><\/ul>\t\t\t\t\t\t\t\t<\/div>\n\t\t\t\t<\/div>\n\t\t\t\t<\/div>\n\t\t<div class=\"elementor-element elementor-element-80feadb e-con-full e-flex e-con e-child\" data-id=\"80feadb\" data-element_type=\"container\" data-e-type=\"container\">\n\t\t\t\t<div class=\"elementor-element elementor-element-97fc6cb elementor-widget elementor-widget-heading\" data-id=\"97fc6cb\" data-element_type=\"widget\" data-e-type=\"widget\" data-widget_type=\"heading.default\">\n\t\t\t\t<div class=\"elementor-widget-container\">\n\t\t\t\t\t<h5 class=\"elementor-heading-title elementor-size-default\">Erfolgsmessung<\/h5>\t\t\t\t<\/div>\n\t\t\t\t<\/div>\n\t\t\t\t<div class=\"elementor-element elementor-element-673a70c elementor-widget elementor-widget-text-editor\" data-id=\"673a70c\" data-element_type=\"widget\" data-e-type=\"widget\" data-widget_type=\"text-editor.default\">\n\t\t\t\t<div class=\"elementor-widget-container\">\n\t\t\t\t\t\t\t\t\t<ul><li>Teilnahmequote an Pflichtschulungen (%)<\/li><li>Mitarbeiterzufriedenheit mit der Anwendung (Skala 1-5)<\/li><li>Fehlerrate in der Dateneingabe (%)<\/li><li>Effizienzgewinn in der Fallbearbeitung (subjektiv &amp; objektiv)<\/li><\/ul>\t\t\t\t\t\t\t\t<\/div>\n\t\t\t\t<\/div>\n\t\t\t\t<\/div>\n\t\t<div class=\"elementor-element elementor-element-7107e94 e-con-full e-flex e-con e-child\" data-id=\"7107e94\" data-element_type=\"container\" data-e-type=\"container\">\n\t\t\t\t<div class=\"elementor-element elementor-element-5d20739 elementor-widget elementor-widget-heading\" data-id=\"5d20739\" data-element_type=\"widget\" data-e-type=\"widget\" data-widget_type=\"heading.default\">\n\t\t\t\t<div class=\"elementor-widget-container\">\n\t\t\t\t\t<h5 class=\"elementor-heading-title elementor-size-default\">Fazit &amp; Lessons Learned<\/h5>\t\t\t\t<\/div>\n\t\t\t\t<\/div>\n\t\t\t\t<div class=\"elementor-element elementor-element-343c583 elementor-widget elementor-widget-text-editor\" data-id=\"343c583\" data-element_type=\"widget\" data-e-type=\"widget\" data-widget_type=\"text-editor.default\">\n\t\t\t\t<div class=\"elementor-widget-container\">\n\t\t\t\t\t\t\t\t\t<p>Die enge Zusammenarbeit mit der Bundesbeh\u00f6rde und die fr\u00fchzeitige Einbindung aller Stakeholder haben ma\u00dfgeblich zu einer reibungslosen Implementierung beigetragen. Praxisnahe Schulungen und kontinuierliche Prozessanalysen erm\u00f6glichten es, bestehende Abl\u00e4ufe passgenau zu optimieren und den Anwendern einen nachhaltigen Mehrwert zu bieten. F\u00fcr k\u00fcnftige Projekte in Beh\u00f6rden empfehlen wir, den Fokus noch st\u00e4rker auf individuelle Change-Management-Strategien und ma\u00dfgeschneiderte Schulungskonzepte zu legen.<\/p>\t\t\t\t\t\t\t\t<\/div>\n\t\t\t\t<\/div>\n\t\t\t\t<\/div>\n\t\t\t\t<div class=\"elementor-element elementor-element-1306ab3 elementor-widget elementor-widget-button\" data-id=\"1306ab3\" data-element_type=\"widget\" data-e-type=\"widget\" data-widget_type=\"button.default\">\n\t\t\t\t<div class=\"elementor-widget-container\">\n\t\t\t\t\t\t\t\t\t<div class=\"elementor-button-wrapper\">\n\t\t\t\t\t<a class=\"elementor-button elementor-button-link elementor-size-sm\" href=\"https:\/\/www.opereon.de\/index.php\/services-projektmanagement\/\">\n\t\t\t\t\t\t<span class=\"elementor-button-content-wrapper\">\n\t\t\t\t\t\t\t\t\t<span class=\"elementor-button-text\">Zur\u00fcck zu Projektmanagement &amp; Agilit\u00e4t<\/span>\n\t\t\t\t\t<\/span>\n\t\t\t\t\t<\/a>\n\t\t\t\t<\/div>\n\t\t\t\t\t\t\t\t<\/div>\n\t\t\t\t<\/div>\n\t\t\t\t<\/div>\n\t\t\t\t<div class=\"elementor-element elementor-element-08b693e elementor-widget elementor-widget-spacer\" data-id=\"08b693e\" data-element_type=\"widget\" data-e-type=\"widget\" data-widget_type=\"spacer.default\">\n\t\t\t\t<div class=\"elementor-widget-container\">\n\t\t\t\t\t\t\t<div class=\"elementor-spacer\">\n\t\t\t<div class=\"elementor-spacer-inner\"><\/div>\n\t\t<\/div>\n\t\t\t\t\t\t<\/div>\n\t\t\t\t<\/div>\n\t\t\t\t\t<\/div>\n\t\t\t\t<\/div>\n\t\t\t\t<\/div>\n\t\t","protected":false},"excerpt":{"rendered":"<p>Optimierung trifft auf Innovation Digitale Prozesse effizient und zukunftssicher gestalten Beschreibung Die Einf\u00fchrung neuer Softwarel\u00f6sungen stellt Beh\u00f6rden oft vor gro\u00dfe Herausforderungen \u2013 wir sorgen daf\u00fcr, dass der \u00dcbergang reibungslos verl\u00e4uft. In diesem Projekt begleiteten wir eine Bundesbeh\u00f6rde bei der Implementierung einer modernen Software- und Datenbankl\u00f6sung. Unser Fokus lag auf Prozessoptimierung, Change Management und der gezielten [&hellip;]<\/p>\n","protected":false},"author":9,"featured_media":0,"parent":0,"menu_order":0,"comment_status":"closed","ping_status":"closed","template":"","meta":{"footnotes":""},"class_list":["post-3712","page","type-page","status-publish","hentry"],"_links":{"self":[{"href":"https:\/\/www.opereon.de\/index.php\/wp-json\/wp\/v2\/pages\/3712","targetHints":{"allow":["GET"]}}],"collection":[{"href":"https:\/\/www.opereon.de\/index.php\/wp-json\/wp\/v2\/pages"}],"about":[{"href":"https:\/\/www.opereon.de\/index.php\/wp-json\/wp\/v2\/types\/page"}],"author":[{"embeddable":true,"href":"https:\/\/www.opereon.de\/index.php\/wp-json\/wp\/v2\/users\/9"}],"replies":[{"embeddable":true,"href":"https:\/\/www.opereon.de\/index.php\/wp-json\/wp\/v2\/comments?post=3712"}],"version-history":[{"count":30,"href":"https:\/\/www.opereon.de\/index.php\/wp-json\/wp\/v2\/pages\/3712\/revisions"}],"predecessor-version":[{"id":4216,"href":"https:\/\/www.opereon.de\/index.php\/wp-json\/wp\/v2\/pages\/3712\/revisions\/4216"}],"wp:attachment":[{"href":"https:\/\/www.opereon.de\/index.php\/wp-json\/wp\/v2\/media?parent=3712"}],"curies":[{"name":"wp","href":"https:\/\/api.w.org\/{rel}","templated":true}]}}