{"id":3747,"date":"2025-03-28T08:55:31","date_gmt":"2025-03-28T08:55:31","guid":{"rendered":"https:\/\/www.opereon.de\/?page_id=3747"},"modified":"2025-04-29T13:47:54","modified_gmt":"2025-04-29T13:47:54","slug":"innovation-im-kapitalmarkt","status":"publish","type":"page","link":"https:\/\/www.opereon.de\/index.php\/innovation-im-kapitalmarkt\/","title":{"rendered":"Innovation im Kapitalmarkt"},"content":{"rendered":"\t\t<div data-elementor-type=\"wp-page\" data-elementor-id=\"3747\" class=\"elementor elementor-3747\" data-elementor-post-type=\"page\">\n\t\t\t\t<div class=\"elementor-element elementor-element-abd2684 e-flex e-con-boxed e-con e-parent\" data-id=\"abd2684\" data-element_type=\"container\" data-e-type=\"container\">\n\t\t\t\t\t<div class=\"e-con-inner\">\n\t\t\t\t<div class=\"elementor-element elementor-element-be1e0cd elementor-widget elementor-widget-spacer\" data-id=\"be1e0cd\" data-element_type=\"widget\" data-e-type=\"widget\" data-widget_type=\"spacer.default\">\n\t\t\t\t<div class=\"elementor-widget-container\">\n\t\t\t\t\t\t\t<div class=\"elementor-spacer\">\n\t\t\t<div class=\"elementor-spacer-inner\"><\/div>\n\t\t<\/div>\n\t\t\t\t\t\t<\/div>\n\t\t\t\t<\/div>\n\t\t\t\t<div class=\"elementor-element elementor-element-efe9330 elementor-widget elementor-widget-heading\" data-id=\"efe9330\" data-element_type=\"widget\" data-e-type=\"widget\" data-widget_type=\"heading.default\">\n\t\t\t\t<div class=\"elementor-widget-container\">\n\t\t\t\t\t<h1 class=\"elementor-heading-title elementor-size-default\">Innovationen im Kapitalmarkt<\/h1>\t\t\t\t<\/div>\n\t\t\t\t<\/div>\n\t\t\t\t<div class=\"elementor-element elementor-element-cffa3cc elementor-widget elementor-widget-heading\" data-id=\"cffa3cc\" data-element_type=\"widget\" data-e-type=\"widget\" data-widget_type=\"heading.default\">\n\t\t\t\t<div class=\"elementor-widget-container\">\n\t\t\t\t\t<h3 class=\"elementor-heading-title elementor-size-default\">Erfolgreiche Entwicklung einer zukunftssicheren Plattform<\/h3>\t\t\t\t<\/div>\n\t\t\t\t<\/div>\n\t\t<div class=\"elementor-element elementor-element-801bbd8 e-con-full e-flex e-con e-child\" data-id=\"801bbd8\" data-element_type=\"container\" data-e-type=\"container\">\n\t\t\t\t<div class=\"elementor-element elementor-element-a2d44ca elementor-widget__width-initial elementor-hidden-tablet elementor-hidden-mobile elementor-widget elementor-widget-image\" data-id=\"a2d44ca\" data-element_type=\"widget\" data-e-type=\"widget\" data-widget_type=\"image.default\">\n\t\t\t\t<div class=\"elementor-widget-container\">\n\t\t\t\t\t\t\t\t\t\t\t\t\t\t\t<img fetchpriority=\"high\" decoding=\"async\" width=\"1280\" height=\"960\" src=\"https:\/\/www.opereon.de\/wp-content\/uploads\/2025\/03\/blur-1853262_1280.jpg\" class=\"attachment-1536x1536 size-1536x1536 wp-image-3662\" alt=\"\" srcset=\"https:\/\/www.opereon.de\/wp-content\/uploads\/2025\/03\/blur-1853262_1280.jpg 1280w, https:\/\/www.opereon.de\/wp-content\/uploads\/2025\/03\/blur-1853262_1280-300x225.jpg 300w, https:\/\/www.opereon.de\/wp-content\/uploads\/2025\/03\/blur-1853262_1280-1024x768.jpg 1024w, https:\/\/www.opereon.de\/wp-content\/uploads\/2025\/03\/blur-1853262_1280-768x576.jpg 768w\" sizes=\"(max-width: 1280px) 100vw, 1280px\" \/>\t\t\t\t\t\t\t\t\t\t\t\t\t\t\t<\/div>\n\t\t\t\t<\/div>\n\t\t<div class=\"elementor-element elementor-element-a81fb51 e-con-full e-flex e-con e-child\" data-id=\"a81fb51\" data-element_type=\"container\" data-e-type=\"container\">\n\t\t\t\t<div class=\"elementor-element elementor-element-bb31f56 elementor-widget elementor-widget-heading\" data-id=\"bb31f56\" data-element_type=\"widget\" data-e-type=\"widget\" data-widget_type=\"heading.default\">\n\t\t\t\t<div class=\"elementor-widget-container\">\n\t\t\t\t\t<h5 class=\"elementor-heading-title elementor-size-default\">Beschreibung des Projekts<\/h5>\t\t\t\t<\/div>\n\t\t\t\t<\/div>\n\t\t\t\t<div class=\"elementor-element elementor-element-2111986 elementor-widget elementor-widget-text-editor\" data-id=\"2111986\" data-element_type=\"widget\" data-e-type=\"widget\" data-widget_type=\"text-editor.default\">\n\t\t\t\t<div class=\"elementor-widget-container\">\n\t\t\t\t\t\t\t\t\t<p>Die Einf\u00fchrung innovativer Systeme im Kapitalmarktumfeld bringt besondere Herausforderungen mit sich: Neben technischen Anforderungen wie Performance und Sicherheit spielen regulatorische Vorgaben eine zentrale Rolle. In diesem Projekt galt es, die Marktanforderungen mit den regulatorischen Rahmenbedingungen in Einklang zu bringen und eine tragf\u00e4hige L\u00f6sung zu entwickeln.<\/p>\t\t\t\t\t\t\t\t<\/div>\n\t\t\t\t<\/div>\n\t\t\t\t<\/div>\n\t\t\t\t<\/div>\n\t\t<div class=\"elementor-element elementor-element-563ab1f e-con-full e-flex e-con e-child\" data-id=\"563ab1f\" data-element_type=\"container\" data-e-type=\"container\">\n\t\t<div class=\"elementor-element elementor-element-b322c96 e-con-full e-flex e-con e-child\" data-id=\"b322c96\" data-element_type=\"container\" data-e-type=\"container\">\n\t\t\t\t<div class=\"elementor-element elementor-element-62ca150 elementor-widget elementor-widget-heading\" data-id=\"62ca150\" data-element_type=\"widget\" data-e-type=\"widget\" data-widget_type=\"heading.default\">\n\t\t\t\t<div class=\"elementor-widget-container\">\n\t\t\t\t\t<h5 class=\"elementor-heading-title elementor-size-default\">Zielsetzung<\/h5>\t\t\t\t<\/div>\n\t\t\t\t<\/div>\n\t\t\t\t<div class=\"elementor-element elementor-element-0be61db elementor-widget elementor-widget-text-editor\" data-id=\"0be61db\" data-element_type=\"widget\" data-e-type=\"widget\" data-widget_type=\"text-editor.default\">\n\t\t\t\t<div class=\"elementor-widget-container\">\n\t\t\t\t\t\t\t\t\t<p>Unser Ziel war es, die Bed\u00fcrfnisse der Marktteilnehmer systematisch zu erfassen, eine tragf\u00e4hige L\u00f6sungsskizze zu entwickeln und die Umsetzung strategisch vorzubereiten. Der Schwerpunkt lag darauf, Innovation und regulatorische Compliance optimal zu vereinen.<\/p>\t\t\t\t\t\t\t\t<\/div>\n\t\t\t\t<\/div>\n\t\t\t\t<\/div>\n\t\t<div class=\"elementor-element elementor-element-4d66024 e-con-full e-flex e-con e-child\" data-id=\"4d66024\" data-element_type=\"container\" data-e-type=\"container\">\n\t\t\t\t<div class=\"elementor-element elementor-element-6010c04 elementor-widget elementor-widget-heading\" data-id=\"6010c04\" data-element_type=\"widget\" data-e-type=\"widget\" data-widget_type=\"heading.default\">\n\t\t\t\t<div class=\"elementor-widget-container\">\n\t\t\t\t\t<h5 class=\"elementor-heading-title elementor-size-default\">Vorgehensweise<\/h5>\t\t\t\t<\/div>\n\t\t\t\t<\/div>\n\t\t\t\t<div class=\"elementor-element elementor-element-e327279 elementor-widget elementor-widget-text-editor\" data-id=\"e327279\" data-element_type=\"widget\" data-e-type=\"widget\" data-widget_type=\"text-editor.default\">\n\t\t\t\t<div class=\"elementor-widget-container\">\n\t\t\t\t\t\t\t\t\t<p><b><i>Anforderungsanalyse &amp; Konzeption<\/i><\/b><\/p><ul><li>Durchf\u00fchrung von Workshops mit relevanten Marktteilnehmern zur Erhebung von Anforderungen und Feedback<\/li><li>Strukturierte Analyse der Marktbedarfe und Abgleich mit regulatorischen Vorgaben<\/li><li>Entwicklung einer belastbaren L\u00f6sungsskizze mit klar definierten Use Cases<\/li><\/ul>\t\t\t\t\t\t\t\t<\/div>\n\t\t\t\t<\/div>\n\t\t\t\t<div class=\"elementor-element elementor-element-7ce791f elementor-widget elementor-widget-text-editor\" data-id=\"7ce791f\" data-element_type=\"widget\" data-e-type=\"widget\" data-widget_type=\"text-editor.default\">\n\t\t\t\t<div class=\"elementor-widget-container\">\n\t\t\t\t\t\t\t\t\t<p><b><i>Validierung &amp; Strategieentwicklung<\/i><\/b><\/p><ul><li>Iterative Abstimmungen mit Stakeholdern zur Verfeinerung der L\u00f6sungsans\u00e4tze<\/li><li>Abgleich der Konzeption mit operativen und regulatorischen Anforderungen<\/li><li>Entwicklung einer Roadmap zur schrittweisen Umsetzung<\/li><\/ul>\t\t\t\t\t\t\t\t<\/div>\n\t\t\t\t<\/div>\n\t\t\t\t<\/div>\n\t\t<div class=\"elementor-element elementor-element-f72a5c2 e-con-full e-flex e-con e-child\" data-id=\"f72a5c2\" data-element_type=\"container\" data-e-type=\"container\">\n\t\t\t\t<div class=\"elementor-element elementor-element-a3f7839 elementor-widget elementor-widget-heading\" data-id=\"a3f7839\" data-element_type=\"widget\" data-e-type=\"widget\" data-widget_type=\"heading.default\">\n\t\t\t\t<div class=\"elementor-widget-container\">\n\t\t\t\t\t<h5 class=\"elementor-heading-title elementor-size-default\">Erfolgsmessung<\/h5>\t\t\t\t<\/div>\n\t\t\t\t<\/div>\n\t\t\t\t<div class=\"elementor-element elementor-element-5d44ec1 elementor-widget elementor-widget-text-editor\" data-id=\"5d44ec1\" data-element_type=\"widget\" data-e-type=\"widget\" data-widget_type=\"text-editor.default\">\n\t\t\t\t<div class=\"elementor-widget-container\">\n\t\t\t\t\t\t\t\t\t<ul><li>Stakeholder-Zufriedenheit mit den erarbeiteten Konzepten (Skala 1-5)<\/li><li>Umsetzungstermine im Vergleich zum geplanten Fahrplan (%)<\/li><li>Erf\u00fcllung regulatorischer Anforderungen gemessen an einem Compliance-Score (%)<\/li><\/ul>\t\t\t\t\t\t\t\t<\/div>\n\t\t\t\t<\/div>\n\t\t\t\t<\/div>\n\t\t<div class=\"elementor-element elementor-element-2e9a65a e-con-full e-flex e-con e-child\" data-id=\"2e9a65a\" data-element_type=\"container\" data-e-type=\"container\">\n\t\t\t\t<div class=\"elementor-element elementor-element-b33f858 elementor-widget elementor-widget-heading\" data-id=\"b33f858\" data-element_type=\"widget\" data-e-type=\"widget\" data-widget_type=\"heading.default\">\n\t\t\t\t<div class=\"elementor-widget-container\">\n\t\t\t\t\t<h5 class=\"elementor-heading-title elementor-size-default\">Fazit &amp; Lessons Learned<\/h5>\t\t\t\t<\/div>\n\t\t\t\t<\/div>\n\t\t\t\t<div class=\"elementor-element elementor-element-073ee93 elementor-widget elementor-widget-text-editor\" data-id=\"073ee93\" data-element_type=\"widget\" data-e-type=\"widget\" data-widget_type=\"text-editor.default\">\n\t\t\t\t<div class=\"elementor-widget-container\">\n\t\t\t\t\t\t\t\t\t<p>Die enge Abstimmung mit den Marktteilnehmern und die konsequente Ber\u00fccksichtigung regulatorischer Vorgaben erm\u00f6glichten eine passgenaue und agile Umsetzung. Der iterative Ansatz f\u00fchrte zu einer schnellen Identifikation und Priorisierung der Kernanforderungen, was die erfolgreiche Integration innovativer L\u00f6sungen sicherstellte. Zuk\u00fcnftige Projekte im Kapitalmarktumfeld sollten diesen pragmatischen, auf Compliance und Innovation fokussierten Ansatz weiter verfolgen.<\/p>\t\t\t\t\t\t\t\t<\/div>\n\t\t\t\t<\/div>\n\t\t\t\t<\/div>\n\t\t\t\t<div class=\"elementor-element elementor-element-d7f3b4c elementor-widget elementor-widget-button\" data-id=\"d7f3b4c\" data-element_type=\"widget\" data-e-type=\"widget\" data-widget_type=\"button.default\">\n\t\t\t\t<div class=\"elementor-widget-container\">\n\t\t\t\t\t\t\t\t\t<div class=\"elementor-button-wrapper\">\n\t\t\t\t\t<a class=\"elementor-button elementor-button-link elementor-size-sm\" href=\"https:\/\/www.opereon.de\/index.php\/services-projektmanagement\/\">\n\t\t\t\t\t\t<span class=\"elementor-button-content-wrapper\">\n\t\t\t\t\t\t\t\t\t<span class=\"elementor-button-text\">Zur\u00fcck zu Projektmanagement &amp; Agilit\u00e4t<\/span>\n\t\t\t\t\t<\/span>\n\t\t\t\t\t<\/a>\n\t\t\t\t<\/div>\n\t\t\t\t\t\t\t\t<\/div>\n\t\t\t\t<\/div>\n\t\t\t\t<\/div>\n\t\t\t\t<div class=\"elementor-element elementor-element-55b2bfd elementor-widget elementor-widget-spacer\" data-id=\"55b2bfd\" data-element_type=\"widget\" data-e-type=\"widget\" data-widget_type=\"spacer.default\">\n\t\t\t\t<div class=\"elementor-widget-container\">\n\t\t\t\t\t\t\t<div class=\"elementor-spacer\">\n\t\t\t<div class=\"elementor-spacer-inner\"><\/div>\n\t\t<\/div>\n\t\t\t\t\t\t<\/div>\n\t\t\t\t<\/div>\n\t\t\t\t\t<\/div>\n\t\t\t\t<\/div>\n\t\t\t\t<\/div>\n\t\t","protected":false},"excerpt":{"rendered":"<p>Innovationen im Kapitalmarkt Erfolgreiche Entwicklung einer zukunftssicheren Plattform Beschreibung des Projekts Die Einf\u00fchrung innovativer Systeme im Kapitalmarktumfeld bringt besondere Herausforderungen mit sich: Neben technischen Anforderungen wie Performance und Sicherheit spielen regulatorische Vorgaben eine zentrale Rolle. In diesem Projekt galt es, die Marktanforderungen mit den regulatorischen Rahmenbedingungen in Einklang zu bringen und eine tragf\u00e4hige L\u00f6sung zu [&hellip;]<\/p>\n","protected":false},"author":9,"featured_media":0,"parent":0,"menu_order":0,"comment_status":"closed","ping_status":"closed","template":"","meta":{"footnotes":""},"class_list":["post-3747","page","type-page","status-publish","hentry"],"_links":{"self":[{"href":"https:\/\/www.opereon.de\/index.php\/wp-json\/wp\/v2\/pages\/3747","targetHints":{"allow":["GET"]}}],"collection":[{"href":"https:\/\/www.opereon.de\/index.php\/wp-json\/wp\/v2\/pages"}],"about":[{"href":"https:\/\/www.opereon.de\/index.php\/wp-json\/wp\/v2\/types\/page"}],"author":[{"embeddable":true,"href":"https:\/\/www.opereon.de\/index.php\/wp-json\/wp\/v2\/users\/9"}],"replies":[{"embeddable":true,"href":"https:\/\/www.opereon.de\/index.php\/wp-json\/wp\/v2\/comments?post=3747"}],"version-history":[{"count":10,"href":"https:\/\/www.opereon.de\/index.php\/wp-json\/wp\/v2\/pages\/3747\/revisions"}],"predecessor-version":[{"id":4210,"href":"https:\/\/www.opereon.de\/index.php\/wp-json\/wp\/v2\/pages\/3747\/revisions\/4210"}],"wp:attachment":[{"href":"https:\/\/www.opereon.de\/index.php\/wp-json\/wp\/v2\/media?parent=3747"}],"curies":[{"name":"wp","href":"https:\/\/api.w.org\/{rel}","templated":true}]}}